{"id":183,"date":"2025-05-15T13:35:18","date_gmt":"2025-05-15T13:35:18","guid":{"rendered":"https:\/\/babyhouse-fr.com\/?page_id=183"},"modified":"2025-06-06T15:27:55","modified_gmt":"2025-06-06T15:27:55","slug":"a-propos-de-nous","status":"publish","type":"page","link":"https:\/\/babyhouse-fr.com\/?page_id=183","title":{"rendered":"\u00c0 propos de nous"},"content":{"rendered":"\t\t<div data-elementor-type=\"wp-page\" data-elementor-id=\"183\" class=\"elementor elementor-183\" data-elementor-post-type=\"page\">\n\t\t\t\t<div class=\"elementor-element elementor-element-25c2fa1 e-flex e-con-boxed e-con e-parent\" data-id=\"25c2fa1\" data-element_type=\"container\">\n\t\t\t\t\t<div class=\"e-con-inner\">\n\t\t\t\t<div class=\"elementor-element elementor-element-06df0b3 elementor-widget__width-initial elementor-widget elementor-widget-text-editor\" data-id=\"06df0b3\" data-element_type=\"widget\" data-widget_type=\"text-editor.default\">\n\t\t\t\t<div class=\"elementor-widget-container\">\n\t\t\t\t\t\t\t\t\t<div class=\"rte\"><h2>Notre histoire<\/h2><p>Chez <strong>Babyride<\/strong>, nous croyons que chaque moment avec votre b\u00e9b\u00e9 doit \u00eatre une exp\u00e9rience agr\u00e9able, confortable et s\u00e9curis\u00e9e. Fond\u00e9e avec une passion pour l\u2019innovation et le bien-\u00eatre des tout-petits, notre marque s\u2019est donn\u00e9 pour mission de concevoir des \u00e9quipements de pu\u00e9riculture qui allient <strong>design moderne, s\u00e9curit\u00e9 optimale et confort absolu<\/strong>.<\/p><p>Notre aventure a commenc\u00e9 avec une simple question, <em>Comment offrir aux parents des solutions pratiques et \u00e9l\u00e9gantes pour accompagner leur b\u00e9b\u00e9 au quotidien?<\/em> C\u2019est ainsi que nous avons cr\u00e9\u00e9 <strong>Babyride<\/strong>, une marque qui repense les <strong>poussettes, si\u00e8ges auto, babyphones vid\u00e9o, chaises hautes, tours et tresses de lit, ainsi que les berceaux et lits b\u00e9b\u00e9<\/strong> avec une approche alliant <strong>esth\u00e9tique et ergonomie<\/strong>.<\/p><h2>Notre engagement<\/h2><p>Nous savons que <strong>la s\u00e9curit\u00e9 et le confort<\/strong> sont vos priorit\u00e9s.\u00a0Chaque produit <strong>Babyride<\/strong> est pens\u00e9 pour s\u2019adapter aux besoins des familles modernes, <strong>pratiques, compacts, faciles \u00e0 utiliser et \u00e9l\u00e9gants<\/strong>.<\/p><\/div>\t\t\t\t\t\t\t\t<\/div>\n\t\t\t\t<\/div>\n\t\t\t\t\t<\/div>\n\t\t\t\t<\/div>\n\t\t<div class=\"elementor-element elementor-element-a64bb98 e-flex e-con-boxed e-con e-parent\" data-id=\"a64bb98\" data-element_type=\"container\" data-settings=\"{&quot;background_background&quot;:&quot;classic&quot;}\">\n\t\t\t\t\t<div class=\"e-con-inner\">\n\t\t\t\t<div class=\"elementor-element elementor-element-4c2d31b elementor-widget elementor-widget-image\" data-id=\"4c2d31b\" data-element_type=\"widget\" data-widget_type=\"image.default\">\n\t\t\t\t<div class=\"elementor-widget-container\">\n\t\t\t\t\t\t\t\t\t\t\t\t\t\t\t<img fetchpriority=\"high\" decoding=\"async\" width=\"300\" height=\"300\" src=\"https:\/\/babyhouse-fr.com\/wp-content\/uploads\/2025\/05\/testimonial-300x300.webp\" class=\"attachment-medium size-medium wp-image-189\" alt=\"\" srcset=\"https:\/\/babyhouse-fr.com\/wp-content\/uploads\/2025\/05\/testimonial-300x300.webp 300w, https:\/\/babyhouse-fr.com\/wp-content\/uploads\/2025\/05\/testimonial-150x150.webp 150w, https:\/\/babyhouse-fr.com\/wp-content\/uploads\/2025\/05\/testimonial-100x100.webp 100w, https:\/\/babyhouse-fr.com\/wp-content\/uploads\/2025\/05\/testimonial.webp 512w\" sizes=\"(max-width: 300px) 100vw, 300px\" \/>\t\t\t\t\t\t\t\t\t\t\t\t\t\t\t<\/div>\n\t\t\t\t<\/div>\n\t\t\t\t<div class=\"elementor-element elementor-element-2ff10da elementor-widget__width-initial elementor-widget elementor-widget-text-editor\" data-id=\"2ff10da\" data-element_type=\"widget\" data-widget_type=\"text-editor.default\">\n\t\t\t\t<div class=\"elementor-widget-container\">\n\t\t\t\t\t\t\t\t\t<p>\u2605\u2605\u2605\u2605\u2605<\/p>\t\t\t\t\t\t\t\t<\/div>\n\t\t\t\t<\/div>\n\t\t\t\t<div class=\"elementor-element elementor-element-fe15ccf elementor-widget__width-initial elementor-widget elementor-widget-text-editor\" data-id=\"fe15ccf\" data-element_type=\"widget\" data-widget_type=\"text-editor.default\">\n\t\t\t\t<div class=\"elementor-widget-container\">\n\t\t\t\t\t\t\t\t\t<p>&#8220;Babyride \u2013 L\u00e0 o\u00f9 la s\u00e9curit\u00e9 rencontre l\u2019\u00e9l\u00e9gance. Des essentiels pour b\u00e9b\u00e9 con\u00e7us avec soin pour allier confort, style et s\u00e9r\u00e9nit\u00e9.&#8221;<\/p>\t\t\t\t\t\t\t\t<\/div>\n\t\t\t\t<\/div>\n\t\t\t\t\t<\/div>\n\t\t\t\t<\/div>\n\t\t<div class=\"elementor-element elementor-element-1de1c7d e-flex e-con-boxed e-con e-parent\" data-id=\"1de1c7d\" data-element_type=\"container\">\n\t\t\t\t\t<div class=\"e-con-inner\">\n\t\t\t\t<div class=\"elementor-element elementor-element-30b5aa3 elementor-widget__width-initial elementor-widget elementor-widget-text-editor\" data-id=\"30b5aa3\" data-element_type=\"widget\" data-widget_type=\"text-editor.default\">\n\t\t\t\t<div class=\"elementor-widget-container\">\n\t\t\t\t\t\t\t\t\t<div class=\"rich-text__wrapper rich-text__wrapper--center page-width\">\n      <div class=\"rich-text__blocks left\"><div class=\"rich-text__text rte\">\n                <h2>Notre vision<\/h2><p>Chez Babyride, nous ne nous contentons pas de proposer des produits. Nous souhaitons cr\u00e9er une v\u00e9ritable communaut\u00e9 de parents soucieux du bien-\u00eatre de leurs enfants. Notre engagement va au-del\u00e0 de la vente, nous partageons des conseils, des astuces et des guides pratiques pour vous accompagner \u00e0 chaque instant.<\/p><p><\/p><p>Rejoignez-nous dans cette belle aventure et faites confiance \u00e0 Babyride, la marque qui allie s\u00e9curit\u00e9, innovation et \u00e9l\u00e9gance pour le bien-\u00eatre de votre b\u00e9b\u00e9.<\/p>\n              <\/div><\/div>\n    <\/div>\t\t\t\t\t\t\t\t<\/div>\n\t\t\t\t<\/div>\n\t\t\t\t\t<\/div>\n\t\t\t\t<\/div>\n\t\t<div class=\"elementor-element elementor-element-c0a512a e-flex e-con-boxed e-con e-parent\" data-id=\"c0a512a\" data-element_type=\"container\">\n\t\t\t\t\t<div class=\"e-con-inner\">\n\t\t\t\t<div class=\"elementor-element elementor-element-09a0de8 elementor-widget elementor-widget-image\" data-id=\"09a0de8\" data-element_type=\"widget\" data-widget_type=\"image.default\">\n\t\t\t\t<div class=\"elementor-widget-container\">\n\t\t\t\t\t\t\t\t\t\t\t\t\t\t\t<img decoding=\"async\" width=\"2560\" height=\"889\" src=\"https:\/\/babyhouse-fr.com\/wp-content\/uploads\/2025\/05\/banner-1-scaled.png\" class=\"attachment-full size-full wp-image-223\" alt=\"\" srcset=\"https:\/\/babyhouse-fr.com\/wp-content\/uploads\/2025\/05\/banner-1-scaled.png 2560w, https:\/\/babyhouse-fr.com\/wp-content\/uploads\/2025\/05\/banner-1-300x104.png 300w, https:\/\/babyhouse-fr.com\/wp-content\/uploads\/2025\/05\/banner-1-1024x356.png 1024w, https:\/\/babyhouse-fr.com\/wp-content\/uploads\/2025\/05\/banner-1-768x267.png 768w, https:\/\/babyhouse-fr.com\/wp-content\/uploads\/2025\/05\/banner-1-1536x533.png 1536w, https:\/\/babyhouse-fr.com\/wp-content\/uploads\/2025\/05\/banner-1-2048x711.png 2048w, https:\/\/babyhouse-fr.com\/wp-content\/uploads\/2025\/05\/banner-1-600x208.png 600w\" sizes=\"(max-width: 2560px) 100vw, 2560px\" \/>\t\t\t\t\t\t\t\t\t\t\t\t\t\t\t<\/div>\n\t\t\t\t<\/div>\n\t\t\t\t\t<\/div>\n\t\t\t\t<\/div>\n\t\t<div class=\"elementor-element elementor-element-5a3a73c e-flex e-con-boxed e-con e-parent\" data-id=\"5a3a73c\" data-element_type=\"container\">\n\t\t\t\t\t<div class=\"e-con-inner\">\n\t\t\t\t<div class=\"elementor-element elementor-element-785ec8e elementor-widget elementor-widget-image\" data-id=\"785ec8e\" data-element_type=\"widget\" data-widget_type=\"image.default\">\n\t\t\t\t<div class=\"elementor-widget-container\">\n\t\t\t\t\t\t\t\t\t\t\t\t\t\t\t<img decoding=\"async\" width=\"2560\" height=\"893\" src=\"https:\/\/babyhouse-fr.com\/wp-content\/uploads\/2025\/05\/banner-2-scaled.png\" class=\"attachment-full size-full wp-image-227\" alt=\"\" srcset=\"https:\/\/babyhouse-fr.com\/wp-content\/uploads\/2025\/05\/banner-2-scaled.png 2560w, https:\/\/babyhouse-fr.com\/wp-content\/uploads\/2025\/05\/banner-2-300x105.png 300w, https:\/\/babyhouse-fr.com\/wp-content\/uploads\/2025\/05\/banner-2-1024x357.png 1024w, https:\/\/babyhouse-fr.com\/wp-content\/uploads\/2025\/05\/banner-2-768x268.png 768w, https:\/\/babyhouse-fr.com\/wp-content\/uploads\/2025\/05\/banner-2-1536x536.png 1536w, https:\/\/babyhouse-fr.com\/wp-content\/uploads\/2025\/05\/banner-2-2048x714.png 2048w, https:\/\/babyhouse-fr.com\/wp-content\/uploads\/2025\/05\/banner-2-600x209.png 600w\" sizes=\"(max-width: 2560px) 100vw, 2560px\" \/>\t\t\t\t\t\t\t\t\t\t\t\t\t\t\t<\/div>\n\t\t\t\t<\/div>\n\t\t\t\t\t<\/div>\n\t\t\t\t<\/div>\n\t\t<div class=\"elementor-element elementor-element-652e3b0 e-flex e-con-boxed e-con e-parent\" data-id=\"652e3b0\" data-element_type=\"container\">\n\t\t\t\t\t<div class=\"e-con-inner\">\n\t\t\t\t<div class=\"elementor-element elementor-element-6003068 elementor-widget__width-initial elementor-widget elementor-widget-text-editor\" data-id=\"6003068\" data-element_type=\"widget\" data-widget_type=\"text-editor.default\">\n\t\t\t\t<div class=\"elementor-widget-container\">\n\t\t\t\t\t\t\t\t\t<div class=\"rich-text__text rte\">\n                <h3><strong>Qu\u2019est-ce qui nous rend uniques ?<\/strong><\/h3><p>Babyride ne se limite pas \u00e0 vendre des produits, nous cr\u00e9ons une exp\u00e9rience compl\u00e8te pour les parents et leurs b\u00e9b\u00e9s. Notre approche allie <strong>innovation, s\u00e9curit\u00e9 et \u00e9l\u00e9gance<\/strong>, et nous nous effor\u00e7ons de b\u00e2tir une v\u00e9ritable communaut\u00e9 de parents \u00e0 travers des conseils, des astuces et un accompagnement personnalis\u00e9.<\/p><h3><strong>Une marque qui vous accompagne<\/strong><\/h3><p><\/p><p>Que ce soit pour une promenade en ville, un voyage en voiture ou un moment de d\u00e9tente \u00e0 la maison, nous avons d\u00e9velopp\u00e9 une gamme compl\u00e8te de produits pour accompagner chaque \u00e9tape de la croissance de votre enfant <\/p><p><\/p><p>Poussettes : maniables, l\u00e9g\u00e8res et \u00e9l\u00e9gantes<\/p><p>Si\u00e8ges auto : innovants, s\u00e9curis\u00e9s et confortables<\/p><p>Babyphones vid\u00e9o : pour une surveillance en toute tranquillit\u00e9<\/p><p>Chaises hautes : pour des repas pratiques et s\u00fbrs<\/p><p>Tours &amp; tresses de lit : pour une chambre s\u00e9curis\u00e9e et chaleureuse<\/p><p>Berceaux &amp; lits b\u00e9b\u00e9 : pour un sommeil paisible et r\u00e9parateur<\/p>\n              <\/div>\t\t\t\t\t\t\t\t<\/div>\n\t\t\t\t<\/div>\n\t\t\t\t\t<\/div>\n\t\t\t\t<\/div>\n\t\t<div class=\"elementor-element elementor-element-7f0983b e-con-full e-flex e-con e-parent\" data-id=\"7f0983b\" data-element_type=\"container\" data-settings=\"{&quot;background_background&quot;:&quot;slideshow&quot;,&quot;background_slideshow_gallery&quot;:[{&quot;id&quot;:60,&quot;url&quot;:&quot;https:\\\/\\\/babyhouse-fr.com\\\/wp-content\\\/uploads\\\/2025\\\/05\\\/telephone.webp&quot;}],&quot;background_slideshow_slide_duration&quot;:5000,&quot;background_slideshow_slide_transition&quot;:&quot;fade&quot;,&quot;background_slideshow_transition_duration&quot;:500}\">\n\t\t\t\t<div class=\"elementor-element elementor-element-f440a91 elementor-widget elementor-widget-text-editor\" data-id=\"f440a91\" data-element_type=\"widget\" data-widget_type=\"text-editor.default\">\n\t\t\t\t<div class=\"elementor-widget-container\">\n\t\t\t\t\t\t\t\t\t<div class=\"banner__text body\"><p>Rejoignez la famille Babyride<\/p><\/div>\t\t\t\t\t\t\t\t<\/div>\n\t\t\t\t<\/div>\n\t\t\t\t<div class=\"elementor-element elementor-element-b8543f8 elementor-widget__width-initial elementor-widget elementor-widget-text-editor\" data-id=\"b8543f8\" data-element_type=\"widget\" data-widget_type=\"text-editor.default\">\n\t\t\t\t<div class=\"elementor-widget-container\">\n\t\t\t\t\t\t\t\t\t<div class=\"banner__text body\">Chez Babyride, nous ne nous contentons pas de proposer des produits de haute qualit\u00e9 \u2013 nous cr\u00e9ons une v\u00e9ritable communaut\u00e9 de parents soucieux du bien-\u00eatre et de la s\u00e9curit\u00e9 de leur enfant. Avec nos articles soigneusement con\u00e7us, alliant style et s\u00e9curit\u00e9, nous vous accompagnons \u00e0 chaque \u00e9tape de votre aventure parentale.Faites confiance \u00e0 Babyride \u2013 l\u00e0 o\u00f9 l\u2019innovation rencontre l\u2019\u00e9l\u00e9gance pour le bien-\u00eatre de votre b\u00e9b\u00e9.<\/div>\t\t\t\t\t\t\t\t<\/div>\n\t\t\t\t<\/div>\n\t\t\t\t<\/div>\n\t\t<div class=\"elementor-element elementor-element-8443760 e-flex e-con-boxed e-con e-parent\" data-id=\"8443760\" data-element_type=\"container\">\n\t\t\t\t\t<div class=\"e-con-inner\">\n\t\t\t\t<div class=\"elementor-element elementor-element-4819384 elementor-widget elementor-widget-text-editor\" data-id=\"4819384\" data-element_type=\"widget\" data-widget_type=\"text-editor.default\">\n\t\t\t\t<div class=\"elementor-widget-container\">\n\t\t\t\t\t\t\t\t\t<div class=\"rich-text__blocks center\"><h2 class=\"rich-text__heading rte h1\"><strong>Contact US<\/strong><\/h2><div class=\"rich-text__text rte\"><p><strong>Adresse<\/strong> : 3 Maritime Court, Dock Road, Chatham, ME4 4FH, Royaume-Uni.<\/p><p><strong>Assistance par e-mail :<\/strong> <a href=\"mailto:contact@babyhouse-fr.com\">contact@babyhouse-fr.com<\/a><br \/><strong>Service client t\u00e9l\u00e9phonique :<\/strong><br \/>+33 7 56 84 59 79<\/p><p><strong>lundi au samedi<\/strong>, de <strong>8h \u00e0 19h<\/strong>.<\/p><\/div><\/div>\t\t\t\t\t\t\t\t<\/div>\n\t\t\t\t<\/div>\n\t\t\t\t\t<\/div>\n\t\t\t\t<\/div>\n\t\t\t\t<\/div>\n\t\t","protected":false},"excerpt":{"rendered":"<p>Notre histoire Chez Babyride, nous croyons que chaque moment avec votre b\u00e9b\u00e9 doit \u00eatre une exp\u00e9rience agr\u00e9able, confortable et s\u00e9curis\u00e9e. [&hellip;]<\/p>\n","protected":false},"author":1,"featured_media":0,"parent":0,"menu_order":0,"comment_status":"closed","ping_status":"closed","template":"","meta":{"site-sidebar-layout":"no-sidebar","site-content-layout":"","ast-site-content-layout":"full-width-container","site-content-style":"default","site-sidebar-style":"default","ast-global-header-display":"","ast-banner-title-visibility":"","ast-main-header-display":"","ast-hfb-above-header-display":"","ast-hfb-below-header-display":"","ast-hfb-mobile-header-display":"","site-post-title":"disabled","ast-breadcrumbs-content":"","ast-featured-img":"disabled","footer-sml-layout":"","theme-transparent-header-meta":"","adv-header-id-meta":"","stick-header-meta":"","header-above-stick-meta":"","header-main-stick-meta":"","header-below-stick-meta":"","astra-migrate-meta-layouts":"default","ast-page-background-enabled":"default","ast-page-background-meta":{"desktop":{"background-color":"var(--ast-global-color-5)","background-image":"","background-repeat":"repeat","background-position":"center center","background-size":"auto","background-attachment":"scroll","background-type":"","background-media":"","overlay-type":"","overlay-color":"","overlay-opacity":"","overlay-gradient":""},"tablet":{"background-color":"","background-image":"","background-repeat":"repeat","background-position":"center center","background-size":"auto","background-attachment":"scroll","background-type":"","background-media":"","overlay-type":"","overlay-color":"","overlay-opacity":"","overlay-gradient":""},"mobile":{"background-color":"","background-image":"","background-repeat":"repeat","background-position":"center center","background-size":"auto","background-attachment":"scroll","background-type":"","background-media":"","overlay-type":"","overlay-color":"","overlay-opacity":"","overlay-gradient":""}},"ast-content-background-meta":{"desktop":{"background-color":"var(--ast-global-color-4)","background-image":"","background-repeat":"repeat","background-position":"center center","background-size":"auto","background-attachment":"scroll","background-type":"","background-media":"","overlay-type":"","overlay-color":"","overlay-opacity":"","overlay-gradient":""},"tablet":{"background-color":"var(--ast-global-color-4)","background-image":"","background-repeat":"repeat","background-position":"center center","background-size":"auto","background-attachment":"scroll","background-type":"","background-media":"","overlay-type":"","overlay-color":"","overlay-opacity":"","overlay-gradient":""},"mobile":{"background-color":"var(--ast-global-color-4)","background-image":"","background-repeat":"repeat","background-position":"center center","background-size":"auto","background-attachment":"scroll","background-type":"","background-media":"","overlay-type":"","overlay-color":"","overlay-opacity":"","overlay-gradient":""}},"footnotes":""},"class_list":["post-183","page","type-page","status-publish","hentry"],"_links":{"self":[{"href":"https:\/\/babyhouse-fr.com\/index.php?rest_route=\/wp\/v2\/pages\/183","targetHints":{"allow":["GET"]}}],"collection":[{"href":"https:\/\/babyhouse-fr.com\/index.php?rest_route=\/wp\/v2\/pages"}],"about":[{"href":"https:\/\/babyhouse-fr.com\/index.php?rest_route=\/wp\/v2\/types\/page"}],"author":[{"embeddable":true,"href":"https:\/\/babyhouse-fr.com\/index.php?rest_route=\/wp\/v2\/users\/1"}],"replies":[{"embeddable":true,"href":"https:\/\/babyhouse-fr.com\/index.php?rest_route=%2Fwp%2Fv2%2Fcomments&post=183"}],"version-history":[{"count":58,"href":"https:\/\/babyhouse-fr.com\/index.php?rest_route=\/wp\/v2\/pages\/183\/revisions"}],"predecessor-version":[{"id":526,"href":"https:\/\/babyhouse-fr.com\/index.php?rest_route=\/wp\/v2\/pages\/183\/revisions\/526"}],"wp:attachment":[{"href":"https:\/\/babyhouse-fr.com\/index.php?rest_route=%2Fwp%2Fv2%2Fmedia&parent=183"}],"curies":[{"name":"wp","href":"https:\/\/api.w.org\/{rel}","templated":true}]}}