{"id":419,"date":"2025-05-18T02:21:43","date_gmt":"2025-05-18T02:21:43","guid":{"rendered":"https:\/\/babyhouse-fr.com\/?page_id=419"},"modified":"2025-06-06T15:28:36","modified_gmt":"2025-06-06T15:28:36","slug":"mentions-legales","status":"publish","type":"page","link":"https:\/\/babyhouse-fr.com\/?page_id=419","title":{"rendered":"Mentions l\u00e9gales"},"content":{"rendered":"\n<main id=\"MainContent\" class=\"content-for-layout focus-none\" role=\"main\" tabindex=\"-1\">\n\u00a0 \u00a0 \u00a0 <section id=\"shopify-section-template--23554365915400__main\" class=\"shopify-section section\"><link rel=\"stylesheet\" href=\"\/\/babyride-fr.com\/cdn\/shop\/t\/9\/assets\/section-main-page.css?v=848677459125201531732058220\" media=\"all\" onload=\"this.media='all'\">\n<link rel=\"stylesheet\" href=\"\/\/babyride-fr.com\/cdn\/shop\/t\/9\/assets\/component-rte.css?v=73443491922477598101732058220\" media=\"all\" onload=\"this.media='all'\">\n\n<noscript><link href=\"\/\/babyride-fr.com\/cdn\/shop\/t\/9\/assets\/section-main-page.css?v=848677459125201531732058220\" rel=\"stylesheet\" type=\"text\/css\" media=\"all\" \/><\/noscript>\n<noscript><link href=\"\/\/babyride-fr.com\/cdn\/shop\/t\/9\/assets\/component-rte.css?v=73443491922477598101732058220\" rel=\"stylesheet\" type=\"text\/css\" media=\"all\" \/><\/noscript><style data-shopify=\"\">.section-template--23554365915400__main-padding {\n\u00a0 \u00a0 padding-top: 27px;\n\u00a0 \u00a0 padding-bottom: 27px;\n\u00a0 }\n\n\u00a0 @media screen and (min-width: 750px) {\n\u00a0 \u00a0 .section-template--23554365915400__main-padding {\n\u00a0 \u00a0 \u00a0 padding-top: 36px;\n\u00a0 \u00a0 \u00a0 padding-bottom: 36px;\n\u00a0 \u00a0 }\n\u00a0 }<\/style><div class=\"page-width page-width--narrow section-template--23554365915400__main-padding\">\n\u00a0 <h1 class=\"main-page-title page-title h0\">\n\u00a0 \u00a0 Mentions l\u00e9gales\n\u00a0 <\/h1>\n\u00a0 <div class=\"rte\">\n\u00a0 \u00a0 <p>Le site https:\/\/babyhouse-fr.com\/ est \u00e9dit\u00e9 par la soci\u00e9t\u00e9 GIDI SOFT LTD, dont le si\u00e8ge social est situ\u00e9 au 3 Maritime Court, Dock Road, Chatham, ME4 4FH, Royaume-Uni, immatricul\u00e9e sous le num\u00e9ro 16305484, et dont l&#8217;UTR est 19803 09257. Le directeur et b\u00e9n\u00e9ficiaire effectif (UBO) est Vasil Raychov MISHEV.<\/p>\n<p>Le si\u00e8ge d&#8217;exploitation de BABYRIDE en UK est situ\u00e9 au 3 Maritime Court, Dock Road, Chatham, ME4 4FH, Royaume-Uni.. Vous pouvez nous contacter par email \u00e0 contact@babyhouse-fr.com.<\/p>\n<p>Le site est h\u00e9berg\u00e9 sur la plateforme WordPress.<\/p>\n<p>Les donn\u00e9es personnelles collect\u00e9es lors de votre commande sont utilis\u00e9es uniquement pour son traitement et ne seront pas transmises \u00e0 des tiers, sauf dans le cadre des dispositions l\u00e9gales en vigueur. https:\/\/babyhouse-fr.com\/ pourra vous adresser des communications par email ou SMS avec votre consentement pr\u00e9alable. Conform\u00e9ment \u00e0 la loi Informatique et Libert\u00e9s du 6 janvier 1978, modifi\u00e9e, vous disposez d&#8217;un droit d&#8217;acc\u00e8s, de rectification et d&#8217;opposition \u00e0 vos donn\u00e9es en nous contactant par email \u00e0 contact@babyhouse-fr.com ou par courrier \u00e0 l&#8217;adresse du si\u00e8ge d&#8217;exploitation : 3 Maritime Court, Dock Road, Chatham, ME4 4FH, Royaume-Uni. Notre politique compl\u00e8te sur le traitement des donn\u00e9es personnelles est disponible sur le site web.<\/p>\n<p>Tout le contenu du site https:\/\/babyhouse-fr.com\/ est la propri\u00e9t\u00e9 de la soci\u00e9t\u00e9 GIDI SOFT LTD et est prot\u00e9g\u00e9 par le droit de la propri\u00e9t\u00e9 intellectuelle. Toute reproduction sans autorisation pr\u00e9alable est interdite.<\/p>\n\u00a0 <\/div>\n<\/div>\n\n\n<\/section>\n\u00a0 \u00a0 <\/main>\n\n\n\n<p><\/p>\n","protected":false},"excerpt":{"rendered":"<p>\u00a0 \u00a0 \u00a0 \u00a0 \u00a0 \u00a0 Mentions l\u00e9gales \u00a0 \u00a0 \u00a0 \u00a0 Le site https:\/\/babyhouse-fr.com\/ est \u00e9dit\u00e9 par la soci\u00e9t\u00e9 [&hellip;]<\/p>\n","protected":false},"author":1,"featured_media":0,"parent":0,"menu_order":0,"comment_status":"closed","ping_status":"closed","template":"","meta":{"site-sidebar-layout":"default","site-content-layout":"","ast-site-content-layout":"","site-content-style":"default","site-sidebar-style":"default","ast-global-header-display":"","ast-banner-title-visibility":"","ast-main-header-display":"","ast-hfb-above-header-display":"","ast-hfb-below-header-display":"","ast-hfb-mobile-header-display":"","site-post-title":"","ast-breadcrumbs-content":"","ast-featured-img":"","footer-sml-layout":"","theme-transparent-header-meta":"","adv-header-id-meta":"","stick-header-meta":"","header-above-stick-meta":"","header-main-stick-meta":"","header-below-stick-meta":"","astra-migrate-meta-layouts":"default","ast-page-background-enabled":"default","ast-page-background-meta":{"desktop":{"background-color":"var(--ast-global-color-5)","background-image":"","background-repeat":"repeat","background-position":"center center","background-size":"auto","background-attachment":"scroll","background-type":"","background-media":"","overlay-type":"","overlay-color":"","overlay-opacity":"","overlay-gradient":""},"tablet":{"background-color":"","background-image":"","background-repeat":"repeat","background-position":"center center","background-size":"auto","background-attachment":"scroll","background-type":"","background-media":"","overlay-type":"","overlay-color":"","overlay-opacity":"","overlay-gradient":""},"mobile":{"background-color":"","background-image":"","background-repeat":"repeat","background-position":"center center","background-size":"auto","background-attachment":"scroll","background-type":"","background-media":"","overlay-type":"","overlay-color":"","overlay-opacity":"","overlay-gradient":""}},"ast-content-background-meta":{"desktop":{"background-color":"var(--ast-global-color-4)","background-image":"","background-repeat":"repeat","background-position":"center center","background-size":"auto","background-attachment":"scroll","background-type":"","background-media":"","overlay-type":"","overlay-color":"","overlay-opacity":"","overlay-gradient":""},"tablet":{"background-color":"var(--ast-global-color-4)","background-image":"","background-repeat":"repeat","background-position":"center center","background-size":"auto","background-attachment":"scroll","background-type":"","background-media":"","overlay-type":"","overlay-color":"","overlay-opacity":"","overlay-gradient":""},"mobile":{"background-color":"var(--ast-global-color-4)","background-image":"","background-repeat":"repeat","background-position":"center center","background-size":"auto","background-attachment":"scroll","background-type":"","background-media":"","overlay-type":"","overlay-color":"","overlay-opacity":"","overlay-gradient":""}},"footnotes":""},"class_list":["post-419","page","type-page","status-publish","hentry"],"_links":{"self":[{"href":"https:\/\/babyhouse-fr.com\/index.php?rest_route=\/wp\/v2\/pages\/419","targetHints":{"allow":["GET"]}}],"collection":[{"href":"https:\/\/babyhouse-fr.com\/index.php?rest_route=\/wp\/v2\/pages"}],"about":[{"href":"https:\/\/babyhouse-fr.com\/index.php?rest_route=\/wp\/v2\/types\/page"}],"author":[{"embeddable":true,"href":"https:\/\/babyhouse-fr.com\/index.php?rest_route=\/wp\/v2\/users\/1"}],"replies":[{"embeddable":true,"href":"https:\/\/babyhouse-fr.com\/index.php?rest_route=%2Fwp%2Fv2%2Fcomments&post=419"}],"version-history":[{"count":7,"href":"https:\/\/babyhouse-fr.com\/index.php?rest_route=\/wp\/v2\/pages\/419\/revisions"}],"predecessor-version":[{"id":530,"href":"https:\/\/babyhouse-fr.com\/index.php?rest_route=\/wp\/v2\/pages\/419\/revisions\/530"}],"wp:attachment":[{"href":"https:\/\/babyhouse-fr.com\/index.php?rest_route=%2Fwp%2Fv2%2Fmedia&parent=419"}],"curies":[{"name":"wp","href":"https:\/\/api.w.org\/{rel}","templated":true}]}}