{"id":423,"date":"2025-05-18T02:23:21","date_gmt":"2025-05-18T02:23:21","guid":{"rendered":"https:\/\/babyhouse-fr.com\/?page_id=423"},"modified":"2025-06-06T15:30:44","modified_gmt":"2025-06-06T15:30:44","slug":"politique-dexpedition","status":"publish","type":"page","link":"https:\/\/babyhouse-fr.com\/?page_id=423","title":{"rendered":"Politique d&#8217;exp\u00e9dition"},"content":{"rendered":"\n<div class=\"shopify-policy__body\">\n\u00a0 \u00a0 <div class=\"rte\">\n\u00a0 \u00a0 \u00a0 \u00a0 <p class=\"\"><strong>Informations sur la commande et la livraison<\/strong><\/p>\n<p>Ces informations s&#8217;appliquent aux commandes pass\u00e9es sur Babyhouse-fr.com, exploit\u00e9 par la soci\u00e9t\u00e9 GIDI SOFT LTD.<\/p>\n<p class=\"\"><strong>Confirmation de commande<\/strong><\/p>\n<p class=\"\">D\u00e8s que vous passez votre commande, vous recevrez un e-mail de confirmation. Cela signifie que nous avons bien re\u00e7u votre commande dans notre syst\u00e8me et que votre paiement a \u00e9t\u00e9 pr\u00e9autoris\u00e9.<br>Une fois votre commande re\u00e7ue, nous contactons automatiquement nos fournisseurs pour confirmer la disponibilit\u00e9 du produit. S\u2019il est en stock et pr\u00eat \u00e0 \u00eatre exp\u00e9di\u00e9 imm\u00e9diatement, nous proc\u00e9derons au d\u00e9bit et lancerons l&#8217;exp\u00e9dition.<\/p>\n<p class=\"\">Chez Babyride-fr, notre objectif est de vous offrir les meilleures options de livraison, peu importe o\u00f9 vous vous trouvez.<br>Notre mission quotidienne est de livrer nos clients partout en France et de garantir un niveau de service rapide et de qualit\u00e9 \u00e0 tout moment.<\/p>\n<p class=\"\">Une fois votre commande valid\u00e9e, vous recevrez un e-mail avec les informations de suivi ainsi que l\u2019\u00e9tat de votre commande d\u00e8s que celle-ci sera exp\u00e9di\u00e9e.<\/p>\n<p class=\"\"><strong>Frais de livraison<\/strong><\/p>\n<p class=\"\">La livraison est <strong>gratuite<\/strong> pour tous les produits en France.<\/p>\n<p class=\"\"><strong>Acceptation des commandes et tarification<\/strong><\/p>\n<p class=\"\">Veuillez noter que certaines commandes peuvent ne pas \u00eatre trait\u00e9es pour diverses raisons.<br>Le site se r\u00e9serve le droit de refuser ou d&#8217;annuler toute commande \u00e0 tout moment, pour quelque raison que ce soit.<br>Nous pourrions vous demander de fournir des v\u00e9rifications suppl\u00e9mentaires, notamment votre num\u00e9ro de t\u00e9l\u00e9phone ou votre adresse, avant d\u2019accepter votre commande.<\/p>\n<p class=\"\">Pour \u00e9viter toute fraude li\u00e9e aux cartes bancaires, nous nous r\u00e9servons le droit de valider vos informations de paiement avant de livrer le produit et de v\u00e9rifier les informations personnelles que vous nous avez fournies.<br>Cette v\u00e9rification peut inclure un contr\u00f4le d\u2019identit\u00e9, de lieu de r\u00e9sidence ou de donn\u00e9es bancaires.<\/p>\n<p class=\"\">Nous nous r\u00e9servons le droit d&#8217;annuler imm\u00e9diatement toute commande suspect\u00e9e d&#8217;utilisation frauduleuse d&#8217;une carte bancaire.<\/p>\n<p class=\"\">Nous faisons tout notre possible pour afficher des informations tarifaires exactes, cependant des erreurs peuvent se produire.<br>Par exemple, si le prix d\u2019un produit est incorrect sur le site, nous nous r\u00e9servons le droit de vous contacter pour confirmation ou d\u2019annuler la commande.<br>Nous avons le droit de refuser ou d\u2019annuler toute commande, m\u00eame si elle a \u00e9t\u00e9 confirm\u00e9e et votre carte d\u00e9bit\u00e9e.<\/p>\n<p class=\"\"><strong>D\u00e9lai de traitement, transit et heure limite pour la France<\/strong><\/p>\n<p class=\"\"><strong>Temps de traitement<\/strong> : 1 \u00e0 2 jours ouvrables (du lundi au samedi)<br><strong>Temps de transit<\/strong> : 3 \u00e0 5 jours ouvrables (du lundi au samedi)<br>Toutes les commandes pass\u00e9es avant <strong>17h00 (GMT+01:00) Heure normale d\u2019Europe centrale (Paris)<\/strong>&nbsp;sont exp\u00e9di\u00e9es le <strong>m\u00eame jour<\/strong>.<\/p>\n<p class=\"\"><strong>Que se passe-t-il apr\u00e8s avoir pass\u00e9 une commande ?<\/strong><\/p>\n<p class=\"\">Vous recevrez un e-mail de confirmation avec votre num\u00e9ro de commande et votre re\u00e7u.<br>Votre commande sera g\u00e9n\u00e9ralement exp\u00e9di\u00e9e sous 1 \u00e0 2 jours ouvrables (hors jours f\u00e9ri\u00e9s).<br>Les produits personnalis\u00e9s peuvent n\u00e9cessiter un d\u00e9lai suppl\u00e9mentaire avant exp\u00e9dition.<\/p>\n<p class=\"\">V\u00e9rifiez votre dossier <strong>spam<\/strong> si vous ne trouvez pas l\u2019e-mail dans votre bo\u00eete de r\u00e9ception.<br>Si vous ne recevez pas de confirmation, veuillez nous \u00e9crire \u00e0 <a rel=\"noopener\">contact@babyhouse-fr.com<\/a> avec pour objet :<br><strong>&#8220;Confirmation de commande non re\u00e7ue&#8221;<\/strong> \u2013 notre \u00e9quipe vous r\u00e9pondra rapidement.<\/p>\n<p class=\"\">Pour les produits personnalis\u00e9s, nous vous contacterons directement afin de valider les personnalisations. Ces articles ne seront trait\u00e9s et exp\u00e9di\u00e9s qu\u2019apr\u00e8s r\u00e9ception des d\u00e9tails n\u00e9cessaires.<\/p>\n<p class=\"\"><strong>D\u00e9lai de traitement des envois<\/strong><\/p>\n<p class=\"\">Nous faisons tout notre possible pour exp\u00e9dier votre commande rapidement.<br>Le d\u00e9lai de traitement est de <strong>1 \u00e0 2 jours ouvrables<\/strong>, du lundi au samedi.<br>Le d\u00e9lai de transit est d\u2019environ <strong>3 \u00e0 5 jours ouvrables<\/strong>, mais peut varier selon le transporteur.<\/p>\n<p class=\"\">Vous recevrez un e-mail de confirmation d\u2019exp\u00e9dition d\u00e8s que votre commande sera envoy\u00e9e.<\/p>\n<p class=\"\"><strong>Comment suivre ma commande ?<\/strong><\/p>\n<p class=\"\">Il vous suffit d\u2019utiliser le <strong>num\u00e9ro de suivi<\/strong> que vous recevrez par e-mail.<br>Si vous ne recevez pas de num\u00e9ro de suivi apr\u00e8s 3 jours ouvrables, veuillez nous contacter \u00e0 <strong><a rel=\"noopener\">contact@babyhouse-fr.com<\/a><\/strong>, nous vous aiderons rapidement.<\/p>\n<p class=\"\"><strong>Contactez-nous<\/strong><\/p>\n<p><strong>Si\u00e8ge social (Soci\u00e9t\u00e9 \u00e9ditrice du site)<\/strong> :<br>GIDI SOFT LTD<br>3 Maritime Court, Dock Road<br>Chatham, ME4 4FH, Royaume-Uni<br>Num\u00e9ro d&#8217;entreprise : 16305484<br>UTR fiscal : 19803 09257<br>Directeur et UBO : Vasil Raychov MISHEV<\/p>\n<p class=\"\"><strong>Adresse de contact op\u00e9rationnel en France<\/strong> :<br>BABYRIDE<br>3 Maritime Court, Dock Road, Chatham,<br>ME4 4FH, Royaume-Uni.<\/p>\n<p class=\"\"><strong>Assistance par e-mail<\/strong> :<br><a rel=\"noopener\">contact@babyhouse-fr.com<\/a><\/p>\n<p class=\"\"><strong>Service client par t\u00e9l\u00e9phone<\/strong> :<br>+33 7 56 84 59 79<br>Du lundi au samedi, de 8h \u00e0 19h<\/p>\n\u00a0 \u00a0 <\/div>\n\u00a0 <\/div>\n\n\n\n<p><\/p>\n","protected":false},"excerpt":{"rendered":"<p>\u00a0 \u00a0 \u00a0 \u00a0 \u00a0 \u00a0 Informations sur la commande et la livraison Ces informations s&#8217;appliquent aux commandes pass\u00e9es sur [&hellip;]<\/p>\n","protected":false},"author":1,"featured_media":0,"parent":0,"menu_order":0,"comment_status":"closed","ping_status":"closed","template":"","meta":{"site-sidebar-layout":"default","site-content-layout":"","ast-site-content-layout":"","site-content-style":"default","site-sidebar-style":"default","ast-global-header-display":"","ast-banner-title-visibility":"","ast-main-header-display":"","ast-hfb-above-header-display":"","ast-hfb-below-header-display":"","ast-hfb-mobile-header-display":"","site-post-title":"","ast-breadcrumbs-content":"","ast-featured-img":"","footer-sml-layout":"","theme-transparent-header-meta":"","adv-header-id-meta":"","stick-header-meta":"","header-above-stick-meta":"","header-main-stick-meta":"","header-below-stick-meta":"","astra-migrate-meta-layouts":"default","ast-page-background-enabled":"default","ast-page-background-meta":{"desktop":{"background-color":"var(--ast-global-color-5)","background-image":"","background-repeat":"repeat","background-position":"center center","background-size":"auto","background-attachment":"scroll","background-type":"","background-media":"","overlay-type":"","overlay-color":"","overlay-opacity":"","overlay-gradient":""},"tablet":{"background-color":"","background-image":"","background-repeat":"repeat","background-position":"center center","background-size":"auto","background-attachment":"scroll","background-type":"","background-media":"","overlay-type":"","overlay-color":"","overlay-opacity":"","overlay-gradient":""},"mobile":{"background-color":"","background-image":"","background-repeat":"repeat","background-position":"center center","background-size":"auto","background-attachment":"scroll","background-type":"","background-media":"","overlay-type":"","overlay-color":"","overlay-opacity":"","overlay-gradient":""}},"ast-content-background-meta":{"desktop":{"background-color":"var(--ast-global-color-4)","background-image":"","background-repeat":"repeat","background-position":"center center","background-size":"auto","background-attachment":"scroll","background-type":"","background-media":"","overlay-type":"","overlay-color":"","overlay-opacity":"","overlay-gradient":""},"tablet":{"background-color":"var(--ast-global-color-4)","background-image":"","background-repeat":"repeat","background-position":"center center","background-size":"auto","background-attachment":"scroll","background-type":"","background-media":"","overlay-type":"","overlay-color":"","overlay-opacity":"","overlay-gradient":""},"mobile":{"background-color":"var(--ast-global-color-4)","background-image":"","background-repeat":"repeat","background-position":"center center","background-size":"auto","background-attachment":"scroll","background-type":"","background-media":"","overlay-type":"","overlay-color":"","overlay-opacity":"","overlay-gradient":""}},"footnotes":""},"class_list":["post-423","page","type-page","status-publish","hentry"],"_links":{"self":[{"href":"https:\/\/babyhouse-fr.com\/index.php?rest_route=\/wp\/v2\/pages\/423","targetHints":{"allow":["GET"]}}],"collection":[{"href":"https:\/\/babyhouse-fr.com\/index.php?rest_route=\/wp\/v2\/pages"}],"about":[{"href":"https:\/\/babyhouse-fr.com\/index.php?rest_route=\/wp\/v2\/types\/page"}],"author":[{"embeddable":true,"href":"https:\/\/babyhouse-fr.com\/index.php?rest_route=\/wp\/v2\/users\/1"}],"replies":[{"embeddable":true,"href":"https:\/\/babyhouse-fr.com\/index.php?rest_route=%2Fwp%2Fv2%2Fcomments&post=423"}],"version-history":[{"count":6,"href":"https:\/\/babyhouse-fr.com\/index.php?rest_route=\/wp\/v2\/pages\/423\/revisions"}],"predecessor-version":[{"id":535,"href":"https:\/\/babyhouse-fr.com\/index.php?rest_route=\/wp\/v2\/pages\/423\/revisions\/535"}],"wp:attachment":[{"href":"https:\/\/babyhouse-fr.com\/index.php?rest_route=%2Fwp%2Fv2%2Fmedia&parent=423"}],"curies":[{"name":"wp","href":"https:\/\/api.w.org\/{rel}","templated":true}]}}