{"id":425,"date":"2025-05-18T02:24:13","date_gmt":"2025-05-18T02:24:13","guid":{"rendered":"https:\/\/babyhouse-fr.com\/?page_id=425"},"modified":"2025-06-06T15:30:17","modified_gmt":"2025-06-06T15:30:17","slug":"conditions-generales-de-vente","status":"publish","type":"page","link":"https:\/\/babyhouse-fr.com\/?page_id=425","title":{"rendered":"Conditions g\u00e9n\u00e9rales de vente"},"content":{"rendered":"\n<main id=\"MainContent\" class=\"content-for-layout focus-none\" role=\"main\" tabindex=\"-1\">\n\u00a0 \u00a0 \u00a0 <section id=\"shopify-section-template--23554365915400__main\" class=\"shopify-section section\"><link rel=\"stylesheet\" href=\"\/\/babyride-fr.com\/cdn\/shop\/t\/9\/assets\/section-main-page.css?v=848677459125201531732058220\" media=\"all\" onload=\"this.media='all'\">\n<link rel=\"stylesheet\" href=\"\/\/babyride-fr.com\/cdn\/shop\/t\/9\/assets\/component-rte.css?v=73443491922477598101732058220\" media=\"all\" onload=\"this.media='all'\">\n\n<noscript><link href=\"\/\/babyride-fr.com\/cdn\/shop\/t\/9\/assets\/section-main-page.css?v=848677459125201531732058220\" rel=\"stylesheet\" type=\"text\/css\" media=\"all\" \/><\/noscript>\n<noscript><link href=\"\/\/babyride-fr.com\/cdn\/shop\/t\/9\/assets\/component-rte.css?v=73443491922477598101732058220\" rel=\"stylesheet\" type=\"text\/css\" media=\"all\" \/><\/noscript><style data-shopify=\"\">.section-template--23554365915400__main-padding {\n\u00a0 \u00a0 padding-top: 27px;\n\u00a0 \u00a0 padding-bottom: 27px;\n\u00a0 }\n\n\u00a0 @media screen and (min-width: 750px) {\n\u00a0 \u00a0 .section-template--23554365915400__main-padding {\n\u00a0 \u00a0 \u00a0 padding-top: 36px;\n\u00a0 \u00a0 \u00a0 padding-bottom: 36px;\n\u00a0 \u00a0 }\n\u00a0 }<\/style><div class=\"page-width page-width--narrow section-template--23554365915400__main-padding\">\n\u00a0 <h1 class=\"main-page-title page-title h0\">\n\u00a0 \u00a0 Conditions g\u00e9n\u00e9rales de vente\n\u00a0 <\/h1>\n\u00a0 <div class=\"rte\">\n\u00a0 \u00a0 <p>&nbsp;<\/p>\n<p>Les pr\u00e9sentes conditions g\u00e9n\u00e9rales de vente s&#8217;appliquent \u00e0 toutes les commandes pass\u00e9es sur le site Babyhouse-fr.com, exploit\u00e9 par la soci\u00e9t\u00e9 GIDI SOFT LTD.<\/p>\n<p data-start=\"118\" data-end=\"145\" class=\"\"><strong data-start=\"118\" data-end=\"145\">S\u00e9curit\u00e9 SSL (128 Bits)<\/strong><\/p>\n<p data-start=\"147\" data-end=\"629\" class=\"\">Babyhouse-fr.com utilise la technologie Secure Sockets Layer (SSL) pour vous offrir une exp\u00e9rience d&#8217;achat en ligne aussi s\u00e9curis\u00e9e que possible.<br data-start=\"291\" data-end=\"294\">La technologie SSL permet de chiffrer les informations sensibles, telles que les mots de passe et les num\u00e9ros de carte bancaire, lors de vos transactions.<br data-start=\"448\" data-end=\"451\">Tous les formulaires pr\u00e9sents sur notre site sont prot\u00e9g\u00e9s par cette technologie afin que vos donn\u00e9es personnelles restent en s\u00e9curit\u00e9 et ne tombent pas entre de mauvaises mains.<\/p>\n<p data-start=\"636\" data-end=\"680\" class=\"\"><strong data-start=\"636\" data-end=\"680\">Quels moyens de paiement acceptez-vous ?<\/strong><\/p>\n<p data-start=\"682\" data-end=\"758\" class=\"\">Nous acceptons les cartes suivantes :<br data-start=\"719\" data-end=\"722\">Visa<br data-start=\"726\" data-end=\"729\">MasterCard<br data-start=\"739\" data-end=\"742\">American Express<\/p>\n<p data-start=\"760\" data-end=\"876\" class=\"\">Tous les prix sont affich\u00e9s en EURO .<br data-start=\"800\" data-end=\"803\">Veuillez consulter notre politique de livraison pour plus d&#8217;informations.<\/p>\n<p data-start=\"883\" data-end=\"901\" class=\"\"><strong data-start=\"883\" data-end=\"901\">Conformit\u00e9 PCI<\/strong><\/p>\n<p data-start=\"903\" data-end=\"1292\" class=\"\">La norme de s\u00e9curit\u00e9 des donn\u00e9es PCI DSS (Payment Card Industry Data Security Standard) est une norme destin\u00e9e aux organisations qui traitent les donn\u00e9es des cartes de cr\u00e9dit, telles que Mastercard.<br data-start=\"1101\" data-end=\"1104\">\u00c9tablie par le Payment Card Industry Security Standards Council, cette norme vise \u00e0 renforcer les contr\u00f4les autour des donn\u00e9es des cartes afin de r\u00e9duire la fraude li\u00e9e \u00e0 leur divulgation.<\/p>\n<hr data-start=\"1294\" data-end=\"1297\" class=\"\">\n<p data-start=\"1299\" data-end=\"1331\" class=\"\"><strong data-start=\"1299\" data-end=\"1331\">Vos informations de paiement<\/strong><\/p>\n<p data-start=\"1333\" data-end=\"1580\" class=\"\">Votre num\u00e9ro de carte n&#8217;est jamais visible par notre \u00e9quipe.<br data-start=\"1393\" data-end=\"1396\">Une fois votre commande valid\u00e9e, nous ne pouvons voir que vos informations de facturation, de livraison, les d\u00e9tails de votre commande ainsi que les 4 derniers chiffres de votre carte.<\/p>\n<p data-start=\"1582\" data-end=\"1786\" class=\"\">Le mode s\u00e9curis\u00e9 s&#8217;active d\u00e8s que vous initiez votre commande. Vous pouvez le v\u00e9rifier gr\u00e2ce \u00e0 l\u2019ic\u00f4ne de cadenas visible dans votre navigateur ou en constatant que l\u2019adresse du site commence par &#8220;HTTPS&#8221;.<\/p>\n<p data-start=\"1788\" data-end=\"1975\" class=\"\">Nous tenons \u00e0 la confidentialit\u00e9 de nos propres donn\u00e9es, tout comme vous.<br data-start=\"1861\" data-end=\"1864\">C\u2019est pourquoi nous ne louons, ne vendons ni ne partageons jamais vos informations personnelles avec des tiers.<\/p>\n<p data-start=\"1977\" data-end=\"2075\" class=\"\">Notre politique de confidentialit\u00e9 vous explique comment vos donn\u00e9es sont collect\u00e9es et utilis\u00e9es.<\/p>\n<p data-start=\"2082\" data-end=\"2100\" class=\"\"><strong data-start=\"2082\" data-end=\"2100\">Contactez-nous<\/strong><\/p>\n<p><strong>Si\u00e8ge social (Soci\u00e9t\u00e9 \u00e9ditrice du site)<\/strong> :<br>GIDI SOFT LTD<br>3 Maritime Court, Dock Road<br>Chatham, ME4 4FH, Royaume-Uni<br>Num\u00e9ro d&#8217;entreprise : 16305484<br>UTR fiscal : 19803 09257<br>Directeur et UBO : Vasil Raychov MISHEV<\/p>\n<p data-start=\"2102\" data-end=\"2174\" class=\"\"><strong>Adresse de contact op\u00e9rationnel en France<\/strong> :<br data-start=\"2111\" data-end=\"2114\">BABYRIDE<br data-start=\"2122\" data-end=\"2125\">3 Maritime Court, Dock Road, Chatham,<br data-start=\"2151\" data-end=\"2154\">ME4 4FH, Royaume-Uni.<\/p>\n<p data-start=\"2176\" data-end=\"2225\" class=\"\"><strong>Assistance par e-mai<\/strong>l :<br data-start=\"2199\" data-end=\"2202\"><a data-start=\"2202\" data-end=\"2225\" rel=\"noopener\">contact@babyhouse-fr.com<\/a><\/p>\n<p data-start=\"2227\" data-end=\"2311\" class=\"\"><strong>Service client par t\u00e9l\u00e9phone<\/strong> :<br data-start=\"2257\" data-end=\"2260\">+33 7 56 84 59 79<br data-start=\"2277\" data-end=\"2280\">Du lundi au samedi, de 8h \u00e0 19h<\/p>\n\u00a0 <\/div>\n<\/div>\n\n\n<\/section>\n\u00a0 \u00a0 <\/main>\n\n\n\n<p><\/p>\n","protected":false},"excerpt":{"rendered":"<p>\u00a0 \u00a0 \u00a0 \u00a0 \u00a0 \u00a0 Conditions g\u00e9n\u00e9rales de vente \u00a0 \u00a0 \u00a0 \u00a0 &nbsp; Les pr\u00e9sentes conditions g\u00e9n\u00e9rales de [&hellip;]<\/p>\n","protected":false},"author":1,"featured_media":0,"parent":0,"menu_order":0,"comment_status":"closed","ping_status":"closed","template":"","meta":{"site-sidebar-layout":"default","site-content-layout":"","ast-site-content-layout":"","site-content-style":"default","site-sidebar-style":"default","ast-global-header-display":"","ast-banner-title-visibility":"","ast-main-header-display":"","ast-hfb-above-header-display":"","ast-hfb-below-header-display":"","ast-hfb-mobile-header-display":"","site-post-title":"","ast-breadcrumbs-content":"","ast-featured-img":"","footer-sml-layout":"","theme-transparent-header-meta":"","adv-header-id-meta":"","stick-header-meta":"","header-above-stick-meta":"","header-main-stick-meta":"","header-below-stick-meta":"","astra-migrate-meta-layouts":"default","ast-page-background-enabled":"default","ast-page-background-meta":{"desktop":{"background-color":"var(--ast-global-color-5)","background-image":"","background-repeat":"repeat","background-position":"center center","background-size":"auto","background-attachment":"scroll","background-type":"","background-media":"","overlay-type":"","overlay-color":"","overlay-opacity":"","overlay-gradient":""},"tablet":{"background-color":"","background-image":"","background-repeat":"repeat","background-position":"center center","background-size":"auto","background-attachment":"scroll","background-type":"","background-media":"","overlay-type":"","overlay-color":"","overlay-opacity":"","overlay-gradient":""},"mobile":{"background-color":"","background-image":"","background-repeat":"repeat","background-position":"center center","background-size":"auto","background-attachment":"scroll","background-type":"","background-media":"","overlay-type":"","overlay-color":"","overlay-opacity":"","overlay-gradient":""}},"ast-content-background-meta":{"desktop":{"background-color":"var(--ast-global-color-4)","background-image":"","background-repeat":"repeat","background-position":"center center","background-size":"auto","background-attachment":"scroll","background-type":"","background-media":"","overlay-type":"","overlay-color":"","overlay-opacity":"","overlay-gradient":""},"tablet":{"background-color":"var(--ast-global-color-4)","background-image":"","background-repeat":"repeat","background-position":"center center","background-size":"auto","background-attachment":"scroll","background-type":"","background-media":"","overlay-type":"","overlay-color":"","overlay-opacity":"","overlay-gradient":""},"mobile":{"background-color":"var(--ast-global-color-4)","background-image":"","background-repeat":"repeat","background-position":"center center","background-size":"auto","background-attachment":"scroll","background-type":"","background-media":"","overlay-type":"","overlay-color":"","overlay-opacity":"","overlay-gradient":""}},"footnotes":""},"class_list":["post-425","page","type-page","status-publish","hentry"],"_links":{"self":[{"href":"https:\/\/babyhouse-fr.com\/index.php?rest_route=\/wp\/v2\/pages\/425","targetHints":{"allow":["GET"]}}],"collection":[{"href":"https:\/\/babyhouse-fr.com\/index.php?rest_route=\/wp\/v2\/pages"}],"about":[{"href":"https:\/\/babyhouse-fr.com\/index.php?rest_route=\/wp\/v2\/types\/page"}],"author":[{"embeddable":true,"href":"https:\/\/babyhouse-fr.com\/index.php?rest_route=\/wp\/v2\/users\/1"}],"replies":[{"embeddable":true,"href":"https:\/\/babyhouse-fr.com\/index.php?rest_route=%2Fwp%2Fv2%2Fcomments&post=425"}],"version-history":[{"count":5,"href":"https:\/\/babyhouse-fr.com\/index.php?rest_route=\/wp\/v2\/pages\/425\/revisions"}],"predecessor-version":[{"id":534,"href":"https:\/\/babyhouse-fr.com\/index.php?rest_route=\/wp\/v2\/pages\/425\/revisions\/534"}],"wp:attachment":[{"href":"https:\/\/babyhouse-fr.com\/index.php?rest_route=%2Fwp%2Fv2%2Fmedia&parent=425"}],"curies":[{"name":"wp","href":"https:\/\/api.w.org\/{rel}","templated":true}]}}