{"id":567,"date":"2025-12-01T12:58:50","date_gmt":"2025-12-01T12:58:50","guid":{"rendered":"https:\/\/babyhouse-fr.com\/?page_id=567"},"modified":"2025-12-01T13:00:44","modified_gmt":"2025-12-01T13:00:44","slug":"transferts-internationaux-de-donnees","status":"publish","type":"page","link":"https:\/\/babyhouse-fr.com\/?page_id=567","title":{"rendered":"Transferts internationaux de donn\u00e9es"},"content":{"rendered":"\n<p>Pour fournir nos services, nous collaborons avec Serenity AI, une entreprise bas\u00e9e aux \u00c9tats-Unis. Cela signifie que nous pouvons \u00eatre amen\u00e9s \u00e0 transf\u00e9rer vos donn\u00e9es personnelles \u00e0 l\u2019international.<\/p>\n\n\n\n<h3 class=\"wp-block-heading\">1. Pourquoi nous transf\u00e9rons vos donn\u00e9es<\/h3>\n\n\n\n<p>Nous transf\u00e9rons vos donn\u00e9es personnelles \u00e0 Serenity AI aux \u00c9tats-Unis pour les finalit\u00e9s suivantes : \u2022 Traitement des paiements et reprise de cr\u00e9ance en cas de refus (\u00ab Decline Salvage \u00bb) : pour recouvrer les paiements refus\u00e9s \u2022 Services d\u2019adh\u00e9sion : pour vous permettre de vous inscrire au Serenity Discount Club \u2022 Service client : pour vous offrir une assistance<\/p>\n\n\n\n<h3 class=\"wp-block-heading\">2. Garanties pour les transferts internationaux<\/h3>\n\n\n\n<p>Conform\u00e9ment \u00e0 l\u2019article 46 du RGPD, nous utilisons les Clauses contractuelles types (CCT) approuv\u00e9es par la Commission europ\u00e9enne pour prot\u00e9ger vos donn\u00e9es lors de leur transfert vers les \u00c9tats-Unis. Ces clauses constituent des engagements juridiquement contraignants entre nous et Serenity AI afin de garantir la protection de vos donn\u00e9es personnelles.<\/p>\n\n\n\n<p><\/p>\n\n\n\n<h3 class=\"wp-block-heading\">3. Vos droits<\/h3>\n\n\n\n<p>Vous avez le droit d\u2019obtenir davantage d\u2019informations sur la mani\u00e8re dont vos donn\u00e9es sont transf\u00e9r\u00e9es et prot\u00e9g\u00e9es. Contactez notre d\u00e9l\u00e9gu\u00e9 \u00e0 la protection des donn\u00e9es \u00e0 l\u2019adresse : contact@babyhouse-fr.com.<\/p>\n\n\n\n<p>Pour savoir comment Serenity AI traite vos donn\u00e9es, consultez leur politique de confidentialit\u00e9 sur joinserenity.ai\/privacy ou contactez-les \u00e0 <a href=\"mailto:legal@joinserenity.ai\" target=\"_blank\" rel=\"noreferrer noopener\">legal@joinserenity.ai<\/a>.<\/p>\n","protected":false},"excerpt":{"rendered":"<p>Pour fournir nos services, nous collaborons avec Serenity AI, une entreprise bas\u00e9e aux \u00c9tats-Unis. Cela signifie que nous pouvons \u00eatre [&hellip;]<\/p>\n","protected":false},"author":4,"featured_media":0,"parent":0,"menu_order":0,"comment_status":"closed","ping_status":"closed","template":"","meta":{"site-sidebar-layout":"default","site-content-layout":"","ast-site-content-layout":"","site-content-style":"default","site-sidebar-style":"default","ast-global-header-display":"","ast-banner-title-visibility":"","ast-main-header-display":"","ast-hfb-above-header-display":"","ast-hfb-below-header-display":"","ast-hfb-mobile-header-display":"","site-post-title":"","ast-breadcrumbs-content":"","ast-featured-img":"","footer-sml-layout":"","theme-transparent-header-meta":"","adv-header-id-meta":"","stick-header-meta":"","header-above-stick-meta":"","header-main-stick-meta":"","header-below-stick-meta":"","astra-migrate-meta-layouts":"default","ast-page-background-enabled":"default","ast-page-background-meta":{"desktop":{"background-color":"var(--ast-global-color-5)","background-image":"","background-repeat":"repeat","background-position":"center center","background-size":"auto","background-attachment":"scroll","background-type":"","background-media":"","overlay-type":"","overlay-color":"","overlay-opacity":"","overlay-gradient":""},"tablet":{"background-color":"","background-image":"","background-repeat":"repeat","background-position":"center center","background-size":"auto","background-attachment":"scroll","background-type":"","background-media":"","overlay-type":"","overlay-color":"","overlay-opacity":"","overlay-gradient":""},"mobile":{"background-color":"","background-image":"","background-repeat":"repeat","background-position":"center center","background-size":"auto","background-attachment":"scroll","background-type":"","background-media":"","overlay-type":"","overlay-color":"","overlay-opacity":"","overlay-gradient":""}},"ast-content-background-meta":{"desktop":{"background-color":"var(--ast-global-color-4)","background-image":"","background-repeat":"repeat","background-position":"center center","background-size":"auto","background-attachment":"scroll","background-type":"","background-media":"","overlay-type":"","overlay-color":"","overlay-opacity":"","overlay-gradient":""},"tablet":{"background-color":"var(--ast-global-color-4)","background-image":"","background-repeat":"repeat","background-position":"center center","background-size":"auto","background-attachment":"scroll","background-type":"","background-media":"","overlay-type":"","overlay-color":"","overlay-opacity":"","overlay-gradient":""},"mobile":{"background-color":"var(--ast-global-color-4)","background-image":"","background-repeat":"repeat","background-position":"center center","background-size":"auto","background-attachment":"scroll","background-type":"","background-media":"","overlay-type":"","overlay-color":"","overlay-opacity":"","overlay-gradient":""}},"footnotes":""},"class_list":["post-567","page","type-page","status-publish","hentry"],"_links":{"self":[{"href":"https:\/\/babyhouse-fr.com\/index.php?rest_route=\/wp\/v2\/pages\/567","targetHints":{"allow":["GET"]}}],"collection":[{"href":"https:\/\/babyhouse-fr.com\/index.php?rest_route=\/wp\/v2\/pages"}],"about":[{"href":"https:\/\/babyhouse-fr.com\/index.php?rest_route=\/wp\/v2\/types\/page"}],"author":[{"embeddable":true,"href":"https:\/\/babyhouse-fr.com\/index.php?rest_route=\/wp\/v2\/users\/4"}],"replies":[{"embeddable":true,"href":"https:\/\/babyhouse-fr.com\/index.php?rest_route=%2Fwp%2Fv2%2Fcomments&post=567"}],"version-history":[{"count":2,"href":"https:\/\/babyhouse-fr.com\/index.php?rest_route=\/wp\/v2\/pages\/567\/revisions"}],"predecessor-version":[{"id":571,"href":"https:\/\/babyhouse-fr.com\/index.php?rest_route=\/wp\/v2\/pages\/567\/revisions\/571"}],"wp:attachment":[{"href":"https:\/\/babyhouse-fr.com\/index.php?rest_route=%2Fwp%2Fv2%2Fmedia&parent=567"}],"curies":[{"name":"wp","href":"https:\/\/api.w.org\/{rel}","templated":true}]}}