{"id":310,"date":"2025-05-18T00:18:03","date_gmt":"2025-05-18T00:18:03","guid":{"rendered":"https:\/\/babyhouse-fr.com\/?post_type=product&#038;p=310"},"modified":"2025-05-19T10:03:28","modified_gmt":"2025-05-19T10:03:28","slug":"poussette-amara","status":"publish","type":"product","link":"https:\/\/babyhouse-fr.com\/?product=poussette-amara","title":{"rendered":"Poussette Amara"},"content":{"rendered":"<div id=\"ProductAccordion-collapsible_tab_hd8fqp-template--23554366963976__main\" class=\"accordion__content rte\">\n<p><strong>Amara \u2013 La poussette confortable et polyvalente repens\u00e9e<\/strong><\/p>\n<p>En tant que parent, vous ne vous arr\u00eatez jamais, et Amara est l\u00e0 pour vous accompagner. Con\u00e7ue par Babyride, cette poussette combine confort et praticit\u00e9, tout en s&#8217;adaptant \u00e0 la vie anim\u00e9e des familles modernes. R\u00e9sistante et polyvalente, Amara est pr\u00eate pour toutes vos aventures quotidiennes.<\/p>\n<p><strong>Confort et protection tout au long de l&#8217;ann\u00e9e<\/strong><\/p>\n<p>Peu importe le temps, Amara offre un confort exceptionnel \u00e0 votre enfant gr\u00e2ce \u00e0 son si\u00e8ge ultra-rembourr\u00e9 et sa maille respirante qui maintient une temp\u00e9rature agr\u00e9able toute l&#8217;ann\u00e9e. Le canopy ultra-large offre une protection contre le soleil, le vent ou la neige, cr\u00e9ant un cocon douillet pour votre tout-petit. De plus, la fen\u00eatre de surveillance vous permet de garder un \u0153il sur lui \u00e0 tout moment.<\/p>\n<p><strong>Pratique et intuitive<\/strong><\/p>\n<p>Babyride a con\u00e7u Amara avec des fonctionnalit\u00e9s qui simplifient la vie des parents. Son si\u00e8ge inclinable et allong\u00e9 s&#8217;ajuste facilement pour les siestes ou les moments d&#8217;\u00e9veil. La boucle magn\u00e9tique innovante vous aide \u00e0 attacher votre b\u00e9b\u00e9 rapidement et en toute s\u00e9curit\u00e9. Et pour vos sorties, le panier XXL vous offre un espace de rangement spacieux pour transporter tout ce dont vous avez besoin.<\/p>\n<p><strong>Id\u00e9ale pour toutes vos aventures<\/strong><\/p>\n<p>L\u00e9g\u00e8re, facile \u00e0 plier et compacte, Amara s\u2019int\u00e8gre parfaitement dans le coffre de votre voiture pour vos trajets quotidiens ou vos escapades du week-end. Avec ses nacelles et si\u00e8ges auto compatibles Babyride (vendus s\u00e9par\u00e9ment), Amara devient le syst\u00e8me de voyage parfait pour accompagner votre enfant d\u00e8s la naissance jusqu&#8217;\u00e0 4 ans.<\/p>\n<p>Avec Amara, partez l&#8217;esprit tranquille, sachant que confort, praticit\u00e9 et style sont toujours au rendez-vous.<\/p>\n<\/div>\n","protected":false},"excerpt":{"rendered":"<div class=\"product__description rte quick-add-hidden\" style=\"--margin-top: 1.5rem; --margin-bottom: 1.5rem;\">\n<p><strong>Amara \u2013 La poussette \u00e9l\u00e9gante et ultra-confortable<\/strong><\/p>\n<p>L&#8217;Amara offre un confort in\u00e9gal\u00e9 gr\u00e2ce \u00e0 son tissu en maille respirant qui r\u00e9gule la temp\u00e9rature de votre b\u00e9b\u00e9, quelles que soient les conditions m\u00e9t\u00e9orologiques. Ses roues absorbant les chocs assurent des d\u00e9placements fluides, m\u00eame sur les terrains les plus vari\u00e9s, pour un sommeil paisible de votre enfant.<\/p>\n<p>Avec son panier XXL d&#8217;une capacit\u00e9 de 5 kg, elle est parfaite pour transporter vos courses ou accessoires essentiels. Enfin, sa boucle magn\u00e9tique innovante permet d\u2019attacher votre b\u00e9b\u00e9 en un clin d\u2019\u0153il, pour des sorties simples et sereines. L&#8217;Amara allie \u00e9l\u00e9gance, praticit\u00e9 et confort pour accompagner toutes vos aventures parentales.<\/p>\n<\/div>\n","protected":false},"featured_media":311,"comment_status":"open","ping_status":"closed","template":"","meta":{"site-sidebar-layout":"default","site-content-layout":"","ast-site-content-layout":"default","site-content-style":"default","site-sidebar-style":"default","ast-global-header-display":"","ast-banner-title-visibility":"","ast-main-header-display":"","ast-hfb-above-header-display":"","ast-hfb-below-header-display":"","ast-hfb-mobile-header-display":"","site-post-title":"","ast-breadcrumbs-content":"","ast-featured-img":"","footer-sml-layout":"","theme-transparent-header-meta":"default","adv-header-id-meta":"","stick-header-meta":"","header-above-stick-meta":"","header-main-stick-meta":"","header-below-stick-meta":"","astra-migrate-meta-layouts":"set","ast-page-background-enabled":"default","ast-page-background-meta":{"desktop":{"background-color":"var(--ast-global-color-5)","background-image":"","background-repeat":"repeat","background-position":"center center","background-size":"auto","background-attachment":"scroll","background-type":"","background-media":"","overlay-type":"","overlay-color":"","overlay-opacity":"","overlay-gradient":""},"tablet":{"background-color":"","background-image":"","background-repeat":"repeat","background-position":"center center","background-size":"auto","background-attachment":"scroll","background-type":"","background-media":"","overlay-type":"","overlay-color":"","overlay-opacity":"","overlay-gradient":""},"mobile":{"background-color":"","background-image":"","background-repeat":"repeat","background-position":"center center","background-size":"auto","background-attachment":"scroll","background-type":"","background-media":"","overlay-type":"","overlay-color":"","overlay-opacity":"","overlay-gradient":""}},"ast-content-background-meta":{"desktop":{"background-color":"var(--ast-global-color-4)","background-image":"","background-repeat":"repeat","background-position":"center center","background-size":"auto","background-attachment":"scroll","background-type":"","background-media":"","overlay-type":"","overlay-color":"","overlay-opacity":"","overlay-gradient":""},"tablet":{"background-color":"var(--ast-global-color-4)","background-image":"","background-repeat":"repeat","background-position":"center center","background-size":"auto","background-attachment":"scroll","background-type":"","background-media":"","overlay-type":"","overlay-color":"","overlay-opacity":"","overlay-gradient":""},"mobile":{"background-color":"var(--ast-global-color-4)","background-image":"","background-repeat":"repeat","background-position":"center center","background-size":"auto","background-attachment":"scroll","background-type":"","background-media":"","overlay-type":"","overlay-color":"","overlay-opacity":"","overlay-gradient":""}}},"product_brand":[],"product_cat":[24],"product_tag":[],"class_list":{"0":"post-310","1":"product","2":"type-product","3":"status-publish","4":"has-post-thumbnail","6":"product_cat-poussettes-naissance","7":"desktop-align-left","8":"tablet-align-left","9":"mobile-align-left","11":"first","12":"instock","13":"shipping-taxable","14":"purchasable","15":"product-type-simple"},"_links":{"self":[{"href":"https:\/\/babyhouse-fr.com\/index.php?rest_route=\/wp\/v2\/product\/310","targetHints":{"allow":["GET"]}}],"collection":[{"href":"https:\/\/babyhouse-fr.com\/index.php?rest_route=\/wp\/v2\/product"}],"about":[{"href":"https:\/\/babyhouse-fr.com\/index.php?rest_route=\/wp\/v2\/types\/product"}],"replies":[{"embeddable":true,"href":"https:\/\/babyhouse-fr.com\/index.php?rest_route=%2Fwp%2Fv2%2Fcomments&post=310"}],"wp:featuredmedia":[{"embeddable":true,"href":"https:\/\/babyhouse-fr.com\/index.php?rest_route=\/wp\/v2\/media\/311"}],"wp:attachment":[{"href":"https:\/\/babyhouse-fr.com\/index.php?rest_route=%2Fwp%2Fv2%2Fmedia&parent=310"}],"wp:term":[{"taxonomy":"product_brand","embeddable":true,"href":"https:\/\/babyhouse-fr.com\/index.php?rest_route=%2Fwp%2Fv2%2Fproduct_brand&post=310"},{"taxonomy":"product_cat","embeddable":true,"href":"https:\/\/babyhouse-fr.com\/index.php?rest_route=%2Fwp%2Fv2%2Fproduct_cat&post=310"},{"taxonomy":"product_tag","embeddable":true,"href":"https:\/\/babyhouse-fr.com\/index.php?rest_route=%2Fwp%2Fv2%2Fproduct_tag&post=310"}],"curies":[{"name":"wp","href":"https:\/\/api.w.org\/{rel}","templated":true}]}}