{"id":314,"date":"2025-05-18T00:21:16","date_gmt":"2025-05-18T00:21:16","guid":{"rendered":"https:\/\/babyhouse-fr.com\/?post_type=product&#038;p=314"},"modified":"2025-05-19T08:26:14","modified_gmt":"2025-05-19T08:26:14","slug":"poussette-elina","status":"publish","type":"product","link":"https:\/\/babyhouse-fr.com\/?product=poussette-elina","title":{"rendered":"Poussette \u00c9lina"},"content":{"rendered":"<div id=\"ProductAccordion-collapsible_tab_hd8fqp-template--23554366996744__main\" class=\"accordion__content rte\">\n<p>Tout change quand on devient parent. Au fur et \u00e0 mesure que votre b\u00e9b\u00e9 grandit, vous ne voulez certainement pas avoir \u00e0 changer constamment tous les articles indispensables de votre b\u00e9b\u00e9. \u00c9lina est une poussette 2 en 1 pratique avec une nacelle qui se transforme en un si\u00e8ge confortable, vous n&#8217;aurez donc rien \u00e0 changer. Et tous les si\u00e8ges auto de la marque Babyride peuvent \u00e9galement \u00eatre install\u00e9s avec le syst\u00e8me de voyage.<\/p>\n<p><strong>Facilit\u00e9 d\u2019utilisation<\/strong><\/p>\n<p>\u00c9lina regorge de fonctionnalit\u00e9s faciles \u00e0 utiliser. Une poussette 2 en 1 extr\u00eamement facile \u00e0 man\u0153uvrer en ville, tout en \u00e9tant rapide et facile \u00e0 plier d&#8217;une seule main &#8211; id\u00e9ale pour les parents occup\u00e9s et toujours en d\u00e9placement ! \u00c9lina dispose d&#8217;un si\u00e8ge facilement inclinable d&#8217;une seule main, vous permettant de repositionner rapidement le si\u00e8ge pour une position de sommeil plus confortable si votre tout-petit fait la sieste pendant que vous \u00eates en d\u00e9placement. Et l&#8217;\u00e9norme panier vous facilite la vie quand vous faites des achats lors de vos aventures urbaines.<\/p>\n<p><strong>Tranche d&#8217;\u00e2ge<\/strong><\/p>\n<p>Avec sa nacelle int\u00e9gr\u00e9e, \u00c9lina est une poussette 2 en 1 con\u00e7ue pour le confort de votre b\u00e9b\u00e9 d\u00e8s la naissance jusqu&#8217;\u00e0 quatre ans. D\u00e8s que votre b\u00e9b\u00e9 est pr\u00eat \u00e0 s&#8217;asseoir et \u00e0 d\u00e9couvrir le monde, la conception inclinable d&#8217;une seule main de la nacelle permet de la transformer rapidement et facilement en si\u00e8ge extr\u00eamement confortable pour b\u00e9b\u00e9. Le syst\u00e8me de voyage \u00c9lina permet de fixer n&#8217;importe quel si\u00e8ge auto de la marque Babyride pour continuer le voyage de la route \u00e0 la rue, sans r\u00e9veiller votre b\u00e9b\u00e9.<\/p>\n<p><strong>Caract\u00e9ristiques de confort<\/strong><\/p>\n<p>\u00c9lina offre un confort incomparable \u00e0 votre b\u00e9b\u00e9, quel que soit son \u00e2ge. Pour les nouveau-n\u00e9s, la nacelle spacieuse b\u00e9n\u00e9ficie d&#8217;un v\u00e9ritable matelas int\u00e9gr\u00e9 dans son design pour offrir plus de confort. Lorsque votre b\u00e9b\u00e9 est un peu plus grand, vous pouvez facilement incliner le si\u00e8ge molletonn\u00e9 r\u00e9versible en position allong\u00e9e, pour qu&#8217;il fasse la sieste dans un environnement douillet et confortable pendant que vous explorez la ville. Et si le soleil est au rendez-vous, d\u00e9ployez simplement l&#8217;auvent pour prot\u00e9ger votre tout petit.<\/p>\n<p><strong>Con\u00e7u pour r\u00e9sister<\/strong><\/p>\n<p>R\u00e9sistante. Robuste. Flexible. \u00c9lina est con\u00e7ue pour la ville. Facile \u00e0 man\u0153uvrer, elle dispose d&#8217;une suspension aux quatre roues absorbant les chocs et de roues anti-crevaison, pour affronter les rues et les marches de la ville, tout en assurant une exp\u00e9rience de d\u00e9placement fluide pour b\u00e9b\u00e9. La conception du si\u00e8ge r\u00e9versible permet \u00e0 votre enfant de passer rapidement et facilement de l&#8217;orientation face aux parents \u00e0 l&#8217;orientation face \u00e0 la rue, pour b\u00e9n\u00e9ficier de tous les attraits de la ville aux premi\u00e8res loges dans un si\u00e8ge confortable. Pesant seulement 11 kg, \u00c9lina est facile \u00e0 plier et \u00e0 transporter.<\/p>\n<\/div>\n","protected":false},"excerpt":{"rendered":"<div class=\"product__description rte quick-add-hidden\" style=\"--margin-top: 1.5rem;--margin-bottom: 1.5rem;\">\n<p><strong>\u00c9lina \u2013 La poussette 2-en-1 : Confort et praticit\u00e9 en ville<\/strong><\/p>\n<p>La poussette<strong>&nbsp;\u00c9lina<\/strong> est id\u00e9ale pour les parents \u00e0 la recherche de polyvalence et de confort d\u00e8s la naissance de leur b\u00e9b\u00e9. Cette poussette 2-en-1 pratique combine une nacelle spacieuse qui se transforme en si\u00e8ge ergonomique, vous \u00e9vitant de changer constamment d\u2019\u00e9quipement. L\u00e9g\u00e8re (11 kg) et facile \u00e0 plier d\u2019une seule main, elle est parfaite pour les d\u00e9placements urbains.<\/p>\n<p>Son si\u00e8ge r\u00e9versible permet de passer facilement de l\u2019orientation face aux parents \u00e0 face \u00e0 la route, tandis que ses suspensions tout-terrain absorbent les chocs pour un confort optimal. Avec un panier spacieux, un auvent protecteur et la possibilit\u00e9 de fixer un si\u00e8ge-auto, <strong>\u00c9lina<\/strong> vous accompagne \u00e0 chaque \u00e9tape de votre aventure parentale.<\/p>\n<\/p><\/div>\n","protected":false},"featured_media":315,"comment_status":"open","ping_status":"closed","template":"","meta":{"site-sidebar-layout":"default","site-content-layout":"","ast-site-content-layout":"default","site-content-style":"default","site-sidebar-style":"default","ast-global-header-display":"","ast-banner-title-visibility":"","ast-main-header-display":"","ast-hfb-above-header-display":"","ast-hfb-below-header-display":"","ast-hfb-mobile-header-display":"","site-post-title":"","ast-breadcrumbs-content":"","ast-featured-img":"","footer-sml-layout":"","theme-transparent-header-meta":"default","adv-header-id-meta":"","stick-header-meta":"","header-above-stick-meta":"","header-main-stick-meta":"","header-below-stick-meta":"","astra-migrate-meta-layouts":"set","ast-page-background-enabled":"default","ast-page-background-meta":{"desktop":{"background-color":"var(--ast-global-color-5)","background-image":"","background-repeat":"repeat","background-position":"center center","background-size":"auto","background-attachment":"scroll","background-type":"","background-media":"","overlay-type":"","overlay-color":"","overlay-opacity":"","overlay-gradient":""},"tablet":{"background-color":"","background-image":"","background-repeat":"repeat","background-position":"center center","background-size":"auto","background-attachment":"scroll","background-type":"","background-media":"","overlay-type":"","overlay-color":"","overlay-opacity":"","overlay-gradient":""},"mobile":{"background-color":"","background-image":"","background-repeat":"repeat","background-position":"center center","background-size":"auto","background-attachment":"scroll","background-type":"","background-media":"","overlay-type":"","overlay-color":"","overlay-opacity":"","overlay-gradient":""}},"ast-content-background-meta":{"desktop":{"background-color":"var(--ast-global-color-4)","background-image":"","background-repeat":"repeat","background-position":"center center","background-size":"auto","background-attachment":"scroll","background-type":"","background-media":"","overlay-type":"","overlay-color":"","overlay-opacity":"","overlay-gradient":""},"tablet":{"background-color":"var(--ast-global-color-4)","background-image":"","background-repeat":"repeat","background-position":"center center","background-size":"auto","background-attachment":"scroll","background-type":"","background-media":"","overlay-type":"","overlay-color":"","overlay-opacity":"","overlay-gradient":""},"mobile":{"background-color":"var(--ast-global-color-4)","background-image":"","background-repeat":"repeat","background-position":"center center","background-size":"auto","background-attachment":"scroll","background-type":"","background-media":"","overlay-type":"","overlay-color":"","overlay-opacity":"","overlay-gradient":""}}},"product_brand":[],"product_cat":[24],"product_tag":[],"class_list":{"0":"post-314","1":"product","2":"type-product","3":"status-publish","4":"has-post-thumbnail","6":"product_cat-poussettes-naissance","7":"desktop-align-left","8":"tablet-align-left","9":"mobile-align-left","11":"first","12":"instock","13":"shipping-taxable","14":"purchasable","15":"product-type-simple"},"_links":{"self":[{"href":"https:\/\/babyhouse-fr.com\/index.php?rest_route=\/wp\/v2\/product\/314","targetHints":{"allow":["GET"]}}],"collection":[{"href":"https:\/\/babyhouse-fr.com\/index.php?rest_route=\/wp\/v2\/product"}],"about":[{"href":"https:\/\/babyhouse-fr.com\/index.php?rest_route=\/wp\/v2\/types\/product"}],"replies":[{"embeddable":true,"href":"https:\/\/babyhouse-fr.com\/index.php?rest_route=%2Fwp%2Fv2%2Fcomments&post=314"}],"wp:featuredmedia":[{"embeddable":true,"href":"https:\/\/babyhouse-fr.com\/index.php?rest_route=\/wp\/v2\/media\/315"}],"wp:attachment":[{"href":"https:\/\/babyhouse-fr.com\/index.php?rest_route=%2Fwp%2Fv2%2Fmedia&parent=314"}],"wp:term":[{"taxonomy":"product_brand","embeddable":true,"href":"https:\/\/babyhouse-fr.com\/index.php?rest_route=%2Fwp%2Fv2%2Fproduct_brand&post=314"},{"taxonomy":"product_cat","embeddable":true,"href":"https:\/\/babyhouse-fr.com\/index.php?rest_route=%2Fwp%2Fv2%2Fproduct_cat&post=314"},{"taxonomy":"product_tag","embeddable":true,"href":"https:\/\/babyhouse-fr.com\/index.php?rest_route=%2Fwp%2Fv2%2Fproduct_tag&post=314"}],"curies":[{"name":"wp","href":"https:\/\/api.w.org\/{rel}","templated":true}]}}