{"id":318,"date":"2025-05-18T00:25:12","date_gmt":"2025-05-18T00:25:12","guid":{"rendered":"https:\/\/babyhouse-fr.com\/?post_type=product&#038;p=318"},"modified":"2025-05-19T10:02:43","modified_gmt":"2025-05-19T10:02:43","slug":"poussette-luxe","status":"publish","type":"product","link":"https:\/\/babyhouse-fr.com\/?product=poussette-luxe","title":{"rendered":"Poussette Luxe+"},"content":{"rendered":"<div id=\"ProductAccordion-collapsible_tab_hd8fqp-template--23554367029512__main\" class=\"accordion__content rte\">\n<p>Luxe+ combine la poussette Luxueuse, spacieuse et pliable de mani\u00e8re compacte, avec la nacelle Sense, luxueusement confortable. Ensemble, ils offrent une polyvalence exceptionnelle qui transforme vos sorties en ville et au-del\u00e0. Qu&#8217;importe o\u00f9 vos aventures vous m\u00e8nent, votre nouveau-n\u00e9 peut dormir paisiblement \u00e0 chaque promenade gr\u00e2ce au design spacieux de la nacelle Sense et \u00e0 son matelas respirant en mousse \u00e0 m\u00e9moire de forme. Luxe+ vous permet de fixer une nacelle, mais aussi un si\u00e8ge-auto de la marque Babyride, offrant ainsi une solution de mobilit\u00e9 3-en-1 compl\u00e8te.<\/p>\n<p><strong>Facilit\u00e9 d\u2019utilisation<\/strong><\/p>\n<p>En ville ou \u00e0 la campagne, Luxe+ rend vos sorties bien plus agr\u00e9ables. Profitez d\u2019une exp\u00e9rience premium gr\u00e2ce au guidon ergonomique en similicuir vegan de la poussette Luxe. Emportez tout ce dont vous avez besoin gr\u00e2ce au panier spacieux d\u2019une capacit\u00e9 de 10 kg et \u00e0 la pochette parentale int\u00e9gr\u00e9e. Lorsque vient le moment de plier votre Luxe, le m\u00e9canisme intuitif de pliage en 2 \u00e9tapes de la poussette, ainsi que le pliage rapide de la nacelle Sense, permettent un rangement compact et facile.<\/p>\n<p><strong>Tranche d&#8217;\u00e2ge<\/strong><\/p>\n<p>Avec la solution de mobilit\u00e9 3-en-1 Luxe+, votre b\u00e9b\u00e9 se d\u00e9place confortablement d\u00e8s le premier jour jusqu\u2019\u00e0 l\u2019\u00e2ge de 4 ans (22 kg). Nous savons \u00e0 quelle vitesse ils grandissent, mais votre solution de mobilit\u00e9 Luxe s\u2019adapte et \u00e9volue avec eux. D\u00e8s la naissance, vous pouvez associer votre poussette Luxe et la nacelle Sense \u00e0 un si\u00e8ge-auto b\u00e9b\u00e9 de la marque Babyride. En grandissant, le harnais facile \u00e0 installer, le verrouillage magn\u00e9tique rapide et le dossier haut assurent \u00e0 votre enfant un maintien optimal, tandis que la position enti\u00e8rement allong\u00e9e du si\u00e8ge lui permet de faire des siestes confortables.<\/p>\n<p><strong>Confort<\/strong><\/p>\n<p>Avec Luxe+, votre tout-petit profite d\u2019un confort haut de gamme \u00e0 chaque sortie, qu\u2019il s\u2019agisse d\u2019une promenade dans le parc ou d\u2019une journ\u00e9e d\u2019aventures en famille. La nacelle Sense incluse offre un confort optimal gr\u00e2ce \u00e0 son matelas rembourr\u00e9 r\u00e9versible, ses fen\u00eatres d\u2019a\u00e9ration ClimaFlow et son canopy couvrant. Le SoothingSlope permet d\u2019incliner la nacelle Sense pour minimiser les reflux et favoriser la digestion de votre b\u00e9b\u00e9. Avec son design spacieux et ses suspensions souples, la poussette Luxe garantit des promenades relaxantes et agr\u00e9ables.<\/p>\n<p><strong>Con\u00e7u pour r\u00e9sister<\/strong><\/p>\n<p>Vous ne vous sentirez jamais d\u00e9pass\u00e9 par la ville avec Luxe+. Son design ergonomique et son pliage compact et intuitif facilitent les d\u00e9placements avec votre enfant. De l\u2019inclinaison en position allong\u00e9e \u00e0 la nacelle Sense incluse, la solution de mobilit\u00e9 3-en-1 Luxe+ r\u00e9pond \u00e0 tous vos besoins pour les ann\u00e9es \u00e0 venir. Pratique et polyvalente, c\u2019est un choix id\u00e9al pour les familles en d\u00e9placement. De plus, elle est fabriqu\u00e9e \u00e0 partir de tissus Eco Care, respectueux de votre b\u00e9b\u00e9 et de la plan\u00e8te.<\/p>\n<\/div>\n","protected":false},"excerpt":{"rendered":"<div class=\"product__description rte quick-add-hidden\" style=\"--margin-top: 1.5rem; --margin-bottom: 1.5rem;\">\n<p><strong>Luxe+ \u2013 La poussette haut de gamme alliant confort et praticit\u00e9<\/strong><\/p>\n<p>La poussette Luxe+ est pens\u00e9e pour offrir un maximum de confort et de praticit\u00e9 d\u00e8s la naissance. \u00c9quip\u00e9e d\u2019une nacelle douillette avec matelas \u00e0 m\u00e9moire de forme, elle garantit \u00e0 votre b\u00e9b\u00e9 un espace chaleureux et s\u00e9curis\u00e9. Son si\u00e8ge ergonomique et inclinable accompagne votre enfant \u00e0 chaque \u00e9tape de sa croissance.<\/p>\n<p>Gr\u00e2ce \u00e0 son pliage intuitif et compact, Luxe+ se range facilement et tient debout une fois pli\u00e9e, id\u00e9ale pour les parents en d\u00e9placement. Avec des suspensions souples pour une conduite fluide et des finitions \u00e9l\u00e9gantes, Luxe+ est parfaite pour explorer le monde avec style et s\u00e9r\u00e9nit\u00e9.<\/p>\n<\/div>\n","protected":false},"featured_media":319,"comment_status":"open","ping_status":"closed","template":"","meta":{"site-sidebar-layout":"default","site-content-layout":"","ast-site-content-layout":"default","site-content-style":"default","site-sidebar-style":"default","ast-global-header-display":"","ast-banner-title-visibility":"","ast-main-header-display":"","ast-hfb-above-header-display":"","ast-hfb-below-header-display":"","ast-hfb-mobile-header-display":"","site-post-title":"","ast-breadcrumbs-content":"","ast-featured-img":"","footer-sml-layout":"","theme-transparent-header-meta":"default","adv-header-id-meta":"","stick-header-meta":"","header-above-stick-meta":"","header-main-stick-meta":"","header-below-stick-meta":"","astra-migrate-meta-layouts":"set","ast-page-background-enabled":"default","ast-page-background-meta":{"desktop":{"background-color":"var(--ast-global-color-5)","background-image":"","background-repeat":"repeat","background-position":"center center","background-size":"auto","background-attachment":"scroll","background-type":"","background-media":"","overlay-type":"","overlay-color":"","overlay-opacity":"","overlay-gradient":""},"tablet":{"background-color":"","background-image":"","background-repeat":"repeat","background-position":"center center","background-size":"auto","background-attachment":"scroll","background-type":"","background-media":"","overlay-type":"","overlay-color":"","overlay-opacity":"","overlay-gradient":""},"mobile":{"background-color":"","background-image":"","background-repeat":"repeat","background-position":"center center","background-size":"auto","background-attachment":"scroll","background-type":"","background-media":"","overlay-type":"","overlay-color":"","overlay-opacity":"","overlay-gradient":""}},"ast-content-background-meta":{"desktop":{"background-color":"var(--ast-global-color-4)","background-image":"","background-repeat":"repeat","background-position":"center center","background-size":"auto","background-attachment":"scroll","background-type":"","background-media":"","overlay-type":"","overlay-color":"","overlay-opacity":"","overlay-gradient":""},"tablet":{"background-color":"var(--ast-global-color-4)","background-image":"","background-repeat":"repeat","background-position":"center center","background-size":"auto","background-attachment":"scroll","background-type":"","background-media":"","overlay-type":"","overlay-color":"","overlay-opacity":"","overlay-gradient":""},"mobile":{"background-color":"var(--ast-global-color-4)","background-image":"","background-repeat":"repeat","background-position":"center center","background-size":"auto","background-attachment":"scroll","background-type":"","background-media":"","overlay-type":"","overlay-color":"","overlay-opacity":"","overlay-gradient":""}}},"product_brand":[],"product_cat":[24],"product_tag":[],"class_list":{"0":"post-318","1":"product","2":"type-product","3":"status-publish","4":"has-post-thumbnail","6":"product_cat-poussettes-naissance","7":"desktop-align-left","8":"tablet-align-left","9":"mobile-align-left","11":"first","12":"instock","13":"shipping-taxable","14":"purchasable","15":"product-type-variable"},"_links":{"self":[{"href":"https:\/\/babyhouse-fr.com\/index.php?rest_route=\/wp\/v2\/product\/318","targetHints":{"allow":["GET"]}}],"collection":[{"href":"https:\/\/babyhouse-fr.com\/index.php?rest_route=\/wp\/v2\/product"}],"about":[{"href":"https:\/\/babyhouse-fr.com\/index.php?rest_route=\/wp\/v2\/types\/product"}],"replies":[{"embeddable":true,"href":"https:\/\/babyhouse-fr.com\/index.php?rest_route=%2Fwp%2Fv2%2Fcomments&post=318"}],"wp:featuredmedia":[{"embeddable":true,"href":"https:\/\/babyhouse-fr.com\/index.php?rest_route=\/wp\/v2\/media\/319"}],"wp:attachment":[{"href":"https:\/\/babyhouse-fr.com\/index.php?rest_route=%2Fwp%2Fv2%2Fmedia&parent=318"}],"wp:term":[{"taxonomy":"product_brand","embeddable":true,"href":"https:\/\/babyhouse-fr.com\/index.php?rest_route=%2Fwp%2Fv2%2Fproduct_brand&post=318"},{"taxonomy":"product_cat","embeddable":true,"href":"https:\/\/babyhouse-fr.com\/index.php?rest_route=%2Fwp%2Fv2%2Fproduct_cat&post=318"},{"taxonomy":"product_tag","embeddable":true,"href":"https:\/\/babyhouse-fr.com\/index.php?rest_route=%2Fwp%2Fv2%2Fproduct_tag&post=318"}],"curies":[{"name":"wp","href":"https:\/\/api.w.org\/{rel}","templated":true}]}}