{"id":356,"date":"2025-05-18T01:39:04","date_gmt":"2025-05-18T01:39:04","guid":{"rendered":"https:\/\/babyhouse-fr.com\/?post_type=product&#038;p=356"},"modified":"2025-05-19T10:07:51","modified_gmt":"2025-05-19T10:07:51","slug":"siege-auto-coquille-securi","status":"publish","type":"product","link":"https:\/\/babyhouse-fr.com\/?product=siege-auto-coquille-securi","title":{"rendered":"Si\u00e8ge auto Coquille S\u00e9curi+"},"content":{"rendered":"<div id=\"ProductAccordion-collapsible_tab_hd8fqp-template--23554367553800__main\" class=\"accordion__content rte\">\n<p><strong>Prenez soin de votre petit<\/strong><\/p>\n<p>Coquille S\u00e9curi+ est un si\u00e8ge auto pour b\u00e9b\u00e9s conforme \u00e0 la r\u00e9glementation i-Size, qui vous offre le confort d\u2019un harnais pratique et d\u2019une installation Click &amp; Go, tout en prot\u00e9geant votre b\u00e9b\u00e9 avec un si\u00e8ge confortable.<\/p>\n<p><strong>Installation<\/strong><\/p>\n<p>Votre petit peut parfois faire des voyages avec vos parents ou avec vos beaux-parents. Quelles que soient les voitures dans lesquelles il voyage, notre Coquille S\u00e9curi+ l&#8217;accompagne. Le si\u00e8ge auto pour b\u00e9b\u00e9s peut \u00eatre fix\u00e9 \u00e0 un si\u00e8ge auto avec une ceinture de s\u00e9curit\u00e9 ou \u00e0 des points d&#8217;ancrage ISOFIX. Les \u00e9tapes d&#8217;installation sont expliqu\u00e9es en d\u00e9tail dans notre manuel d&#8217;utilisation.<\/p>\n<p>Pour une installation ISOFIX, vous aurez besoin d\u2019une base ISOFIX. Connectez la base aux connecteurs ISOFIX de votre voiture et laissez-la install\u00e9e dans le v\u00e9hicule. De cette fa\u00e7on, vous n&#8217;avez qu&#8217;\u00e0 installer le si\u00e8ge auto Coquille S\u00e9curi+ d&#8217;un simple \u00ab clic \u00bb sur la base \u00e0 chaque fois que vous devez monter dans le v\u00e9hicule. Des indicateurs visuels sur la base vous avertissent lorsque votre si\u00e8ge auto est correctement install\u00e9 et que vous \u00eates pr\u00eat \u00e0 partir. Coquille S\u00e9curi+ peut \u00eatre install\u00e9e avec la base 3wayFix.<\/p>\n<p>Pour la s\u00e9curit\u00e9 de votre enfant et votre tranquillit\u00e9 d\u2019esprit, nous avons rassembl\u00e9 nos meilleurs conseils de voyage pour que vous soyez toujours certain que votre b\u00e9b\u00e9 est en s\u00e9curit\u00e9 dans la voiture.<\/p>\n<p><strong>S\u00e9curit\u00e9<\/strong><\/p>\n<p>Des centres de test de collision externes, comme l\u2019organisation automobile allemande ADAC (Allgemeiner Deutscher Automobil-Club), testent r\u00e9guli\u00e8rement nos si\u00e8ges auto en mati\u00e8re de s\u00e9curit\u00e9 dynamique et de facilit\u00e9 d\u2019utilisation. ADAC a attribu\u00e9 4 \u00e9toiles \u00e0 notre Coquille S\u00e9curi+, ce qui signifie qu\u2019il a obtenu de tr\u00e8s bons r\u00e9sultats en mati\u00e8re de s\u00e9curit\u00e9.<\/p>\n<p>Notre si\u00e8ge auto Coquille S\u00e9curi+, s\u00fbr et confortable, offre un syst\u00e8me de protection lat\u00e9rale SPS. En cas de choc lat\u00e9ral, le SPS absorbe la force de l&#8217;impact pour prot\u00e9ger votre b\u00e9b\u00e9 des blessures. Coquille S\u00e9curi+ contient \u00e9galement un mat\u00e9riau absorbant les chocs am\u00e9lior\u00e9, conforme \u00e0 la derni\u00e8re norme europ\u00e9enne i-Size pour les si\u00e8ges auto. Ce mat\u00e9riau absorbe la force de l&#8217;impact en cas de choc, fournissant ainsi \u00e0 votre b\u00e9b\u00e9 une protection suppl\u00e9mentaire en cas d&#8217;accident.<\/p>\n<p><strong>Le si\u00e8ge qui c\u00e2line votre b\u00e9b\u00e9<\/strong><\/p>\n<p>Nous sommes soucieux du confort et de la s\u00e9curit\u00e9 de votre tout-petit, c\u2019est pourquoi nous avons con\u00e7u notre Coquille S\u00e9curi+ pour qu\u2019il soit conforme \u00e0 la derni\u00e8re r\u00e9glementation i-Size. Outre la s\u00e9curit\u00e9, ce si\u00e8ge auto est tr\u00e8s confortable.<\/p>\n<p>Le si\u00e8ge extra-rembourr\u00e9 comprend un r\u00e9ducteur unique (amovible) qui enveloppe votre nouveau-n\u00e9, lui offrant une protection parfaite et lui permettant de dormir allong\u00e9. L&#8217;installation Click &amp; Go, associ\u00e9e \u00e0 une base ISOFIX, r\u00e9duit le risque d\u2019une installation incorrecte.<\/p>\n<p>Vous pouvez continuer \u00e0 utiliser la base ISOFIX avec un si\u00e8ge auto pour enfants en bas \u00e2ge pour de longs d\u00e9placements dos \u00e0 la route. Les experts recommandent de voyager dans une position dos \u00e0 la route jusqu&#8217;\u00e0 4 ans, car cela offre \u00e0 votre tout-petit une meilleure protection de la t\u00eate et du cou.<\/p>\n<p><strong>Housse amovible<\/strong><\/p>\n<p>Que votre b\u00e9b\u00e9 soit malade en voiture ou que Coquille S\u00e9curi+ soit sale, la housse de si\u00e8ge auto peut \u00eatre facilement retir\u00e9e puis lav\u00e9e en machine, pour plus de facilit\u00e9.<\/p>\n<p><strong>Syst\u00e8me de voyage<\/strong><\/p>\n<p>Une petite visite en famille ou entre amis ? Un arr\u00eat rapide au supermarch\u00e9 ? Une promenade \u00e0 l&#8217;ext\u00e9rieur ? Utilisez notre si\u00e8ge auto i-Size avec une poussette en y fixant Coquille S\u00e9curi+ d&#8217;un clic. Combinez ce si\u00e8ge auto avec une poussette compatible pour un syst\u00e8me de voyage complet et pratique.<\/p>\n<p>Coquille S\u00e9curi+ peut \u00eatre utilis\u00e9e dans l&#8217;avion (certification TUV), ce qui vous permet de l&#8217;emporter avec vous en vacances.<\/p>\n<\/div>\n","protected":false},"excerpt":{"rendered":"<div class=\"product__description rte quick-add-hidden\" style=\"--margin-top: 1.5rem; --margin-bottom: 1.5rem;\">\n<p><strong>Coquille S\u00e9curi+ \u2013 Le si\u00e8ge auto i-Size alliant s\u00e9curit\u00e9 et confort<\/strong><\/p>\n<p>Coquille S\u00e9curi+ offre une protection maximale et un confort exceptionnel d\u00e8s la naissance. Avec son r\u00e9ducteur amovible et son mat\u00e9riau absorbant les chocs, il enveloppe votre b\u00e9b\u00e9 dans un cocon s\u00fbr et douillet.<\/p>\n<p>Son installation Click &amp; Go avec une base ISOFIX garantit une fixation rapide et intuitive, tandis que son syst\u00e8me de protection lat\u00e9rale absorbe les impacts pour une s\u00e9curit\u00e9 optimale. Compact et pratique, il s\u2019adapte parfaitement \u00e0 une poussette compatible pour un syst\u00e8me de voyage complet.<\/p>\n<p>Avec sa housse amovible et lavable en machine, Coquille S\u00e9curi+ est con\u00e7u pour accompagner chaque \u00e9tape des premi\u00e8res ann\u00e9es de votre b\u00e9b\u00e9, en toute s\u00e9r\u00e9nit\u00e9.<\/p>\n<\/div>\n","protected":false},"featured_media":358,"comment_status":"open","ping_status":"closed","template":"","meta":{"site-sidebar-layout":"default","site-content-layout":"","ast-site-content-layout":"default","site-content-style":"default","site-sidebar-style":"default","ast-global-header-display":"","ast-banner-title-visibility":"","ast-main-header-display":"","ast-hfb-above-header-display":"","ast-hfb-below-header-display":"","ast-hfb-mobile-header-display":"","site-post-title":"","ast-breadcrumbs-content":"","ast-featured-img":"","footer-sml-layout":"","theme-transparent-header-meta":"default","adv-header-id-meta":"","stick-header-meta":"","header-above-stick-meta":"","header-main-stick-meta":"","header-below-stick-meta":"","astra-migrate-meta-layouts":"set","ast-page-background-enabled":"default","ast-page-background-meta":{"desktop":{"background-color":"var(--ast-global-color-5)","background-image":"","background-repeat":"repeat","background-position":"center center","background-size":"auto","background-attachment":"scroll","background-type":"","background-media":"","overlay-type":"","overlay-color":"","overlay-opacity":"","overlay-gradient":""},"tablet":{"background-color":"","background-image":"","background-repeat":"repeat","background-position":"center center","background-size":"auto","background-attachment":"scroll","background-type":"","background-media":"","overlay-type":"","overlay-color":"","overlay-opacity":"","overlay-gradient":""},"mobile":{"background-color":"","background-image":"","background-repeat":"repeat","background-position":"center center","background-size":"auto","background-attachment":"scroll","background-type":"","background-media":"","overlay-type":"","overlay-color":"","overlay-opacity":"","overlay-gradient":""}},"ast-content-background-meta":{"desktop":{"background-color":"var(--ast-global-color-4)","background-image":"","background-repeat":"repeat","background-position":"center center","background-size":"auto","background-attachment":"scroll","background-type":"","background-media":"","overlay-type":"","overlay-color":"","overlay-opacity":"","overlay-gradient":""},"tablet":{"background-color":"var(--ast-global-color-4)","background-image":"","background-repeat":"repeat","background-position":"center center","background-size":"auto","background-attachment":"scroll","background-type":"","background-media":"","overlay-type":"","overlay-color":"","overlay-opacity":"","overlay-gradient":""},"mobile":{"background-color":"var(--ast-global-color-4)","background-image":"","background-repeat":"repeat","background-position":"center center","background-size":"auto","background-attachment":"scroll","background-type":"","background-media":"","overlay-type":"","overlay-color":"","overlay-opacity":"","overlay-gradient":""}}},"product_brand":[],"product_cat":[26],"product_tag":[],"class_list":{"0":"post-356","1":"product","2":"type-product","3":"status-publish","4":"has-post-thumbnail","6":"product_cat-sieges-auto-bebes","7":"desktop-align-left","8":"tablet-align-left","9":"mobile-align-left","11":"first","12":"instock","13":"shipping-taxable","14":"purchasable","15":"product-type-simple"},"_links":{"self":[{"href":"https:\/\/babyhouse-fr.com\/index.php?rest_route=\/wp\/v2\/product\/356","targetHints":{"allow":["GET"]}}],"collection":[{"href":"https:\/\/babyhouse-fr.com\/index.php?rest_route=\/wp\/v2\/product"}],"about":[{"href":"https:\/\/babyhouse-fr.com\/index.php?rest_route=\/wp\/v2\/types\/product"}],"replies":[{"embeddable":true,"href":"https:\/\/babyhouse-fr.com\/index.php?rest_route=%2Fwp%2Fv2%2Fcomments&post=356"}],"wp:featuredmedia":[{"embeddable":true,"href":"https:\/\/babyhouse-fr.com\/index.php?rest_route=\/wp\/v2\/media\/358"}],"wp:attachment":[{"href":"https:\/\/babyhouse-fr.com\/index.php?rest_route=%2Fwp%2Fv2%2Fmedia&parent=356"}],"wp:term":[{"taxonomy":"product_brand","embeddable":true,"href":"https:\/\/babyhouse-fr.com\/index.php?rest_route=%2Fwp%2Fv2%2Fproduct_brand&post=356"},{"taxonomy":"product_cat","embeddable":true,"href":"https:\/\/babyhouse-fr.com\/index.php?rest_route=%2Fwp%2Fv2%2Fproduct_cat&post=356"},{"taxonomy":"product_tag","embeddable":true,"href":"https:\/\/babyhouse-fr.com\/index.php?rest_route=%2Fwp%2Fv2%2Fproduct_tag&post=356"}],"curies":[{"name":"wp","href":"https:\/\/api.w.org\/{rel}","templated":true}]}}