{"id":360,"date":"2025-05-18T01:42:46","date_gmt":"2025-05-18T01:42:46","guid":{"rendered":"https:\/\/babyhouse-fr.com\/?post_type=product&#038;p=360"},"modified":"2025-05-19T10:07:37","modified_gmt":"2025-05-19T10:07:37","slug":"siege-auto-serenite-s","status":"publish","type":"product","link":"https:\/\/babyhouse-fr.com\/?product=siege-auto-serenite-s","title":{"rendered":"Si\u00e8ge auto S\u00e9r\u00e9nit\u00e9 S"},"content":{"rendered":"<div class=\"accordion__content rte\" id=\"ProductAccordion-collapsible_tab_hd8fqp-template--23554367652104__main\">\n<p><strong>S\u00e9r\u00e9nit\u00e9 S \u2013 Con\u00e7u pour l\u00e9g\u00e8ret\u00e9, s\u00e9curit\u00e9 et confort<\/strong><\/p>\n<p>Pesant seulement 3,2 kg, <strong>S\u00e9r\u00e9nit\u00e9 S<\/strong> combine l\u00e9g\u00e8ret\u00e9 et s\u00e9curit\u00e9 sans compromis. Id\u00e9al pour la mobilit\u00e9 quotidienne, il est \u00e9quip\u00e9 d\u2019un design intuitif et d\u2019une installation <strong>Click &amp; Go<\/strong>. La technologie <strong>G-CELL<\/strong>, int\u00e9gr\u00e9e pour une protection contre les chocs lat\u00e9raux, veille \u00e0 la s\u00e9curit\u00e9 pendant que votre b\u00e9b\u00e9 repose confortablement dans le coussin r\u00e9ducteur adapt\u00e9 aux nouveau-n\u00e9s. <strong>S\u00e9r\u00e9nit\u00e9 S<\/strong> offre tout ce dont les parents ont besoin pour les premi\u00e8res aventures de leur enfant.<\/p>\n<p><strong>S\u00e9curit\u00e9<\/strong><\/p>\n<p><strong>S\u00e9r\u00e9nit\u00e9 S<\/strong> place la s\u00e9curit\u00e9 de votre enfant au premier plan gr\u00e2ce \u00e0 ses fonctionnalit\u00e9s avanc\u00e9es. Conforme aux derni\u00e8res normes <strong>i-Size<\/strong>, il assure une tranquillit\u00e9 d\u2019esprit optimale, qu&#8217;il soit utilis\u00e9 avec la base <strong>FamilyFix S<\/strong> ou la ceinture de s\u00e9curit\u00e9 de votre voiture. Sa protection <strong>G-CELL<\/strong>, int\u00e9gr\u00e9e pour absorber les impacts lat\u00e9raux, garantit une s\u00e9curit\u00e9 renforc\u00e9e. Ces caract\u00e9ristiques font de <strong>S\u00e9r\u00e9nit\u00e9 S<\/strong> un choix parfait pour des trajets en toute s\u00e9r\u00e9nit\u00e9.<\/p>\n<p><strong>Facilit\u00e9 d\u2019utilisation<\/strong><\/p>\n<p>Avec ses 3,2 kg, <strong>S\u00e9r\u00e9nit\u00e9 S<\/strong> est incroyablement l\u00e9ger et facile \u00e0 transporter. Con\u00e7u pour un usage quotidien, il est \u00e9quip\u00e9 du syst\u00e8me <strong>Click &amp; Go<\/strong> pour une installation rapide et s\u00e9curis\u00e9e, r\u00e9duisant le risque d\u2019erreurs. Accessible des deux c\u00f4t\u00e9s, son bouton de d\u00e9verrouillage ergonomique simplifie son retrait ou son installation, rendant les trajets plus pratiques.<\/p>\n<p><strong>Tranche d\u2019\u00e2ge<\/strong><\/p>\n<p><strong>S\u00e9r\u00e9nit\u00e9 S<\/strong> est con\u00e7u pour accueillir les b\u00e9b\u00e9s de 40 \u00e0 83 cm (0-15 mois), y compris les pr\u00e9matur\u00e9s. Il accompagne les premiers mois de votre enfant en lui offrant un espace s\u00e9curis\u00e9 et confortable.<\/p>\n<p><strong>Caract\u00e9ristiques de confort<\/strong><\/p>\n<p>Que ce soit pour un court trajet ou une escapade en famille, <strong>S\u00e9r\u00e9nit\u00e9 S<\/strong> garantit \u00e0 votre b\u00e9b\u00e9 un nid douillet et s\u00fbr. Son rembourrage doux et son coussin r\u00e9ducteur pour nouveau-n\u00e9, avec appui-t\u00eate amovible, assurent un confort optimal. Avec <strong>S\u00e9r\u00e9nit\u00e9 S<\/strong>, vous pouvez \u00eatre certain que votre enfant est install\u00e9 confortablement et en toute s\u00e9curit\u00e9, un souci en moins pour vous.<\/p>\n<\/p><\/div>\n","protected":false},"excerpt":{"rendered":"<div class=\"product__description rte quick-add-hidden\" style=\"--margin-top: 1.5rem;--margin-bottom: 1.5rem;\">\n<p><strong>S\u00e9r\u00e9nit\u00e9 S \u2013 Le si\u00e8ge auto l\u00e9ger et s\u00e9curis\u00e9 pour vos premi\u00e8res aventures<\/strong><\/p>\n<p>Pesant seulement 3,2 kg, <strong>S\u00e9r\u00e9nit\u00e9 S<\/strong> allie l\u00e9g\u00e8ret\u00e9 et s\u00e9curit\u00e9 pour vos d\u00e9placements quotidiens. Son design compact et son syst\u00e8me <strong>Click &amp; Go<\/strong> intuitif garantissent une installation facile. La technologie <strong>G-CELL<\/strong> offre une protection renforc\u00e9e contre les chocs lat\u00e9raux, tandis que le coussin r\u00e9ducteur nouveau-n\u00e9 assure un confort optimal pour votre b\u00e9b\u00e9.<\/p>\n<p>Compatible avec la base FamilyFix S, <strong>S\u00e9r\u00e9nit\u00e9 S<\/strong> convient aux b\u00e9b\u00e9s de 40 \u00e0 83 cm (0-15 mois), m\u00eame pr\u00e9matur\u00e9s. Parfait pour des trajets sereins, ce si\u00e8ge auto est con\u00e7u pour grandir avec votre enfant tout en simplifiant votre quotidien.<\/p>\n<\/p><\/div>\n","protected":false},"featured_media":363,"comment_status":"open","ping_status":"closed","template":"","meta":{"site-sidebar-layout":"default","site-content-layout":"","ast-site-content-layout":"default","site-content-style":"default","site-sidebar-style":"default","ast-global-header-display":"","ast-banner-title-visibility":"","ast-main-header-display":"","ast-hfb-above-header-display":"","ast-hfb-below-header-display":"","ast-hfb-mobile-header-display":"","site-post-title":"","ast-breadcrumbs-content":"","ast-featured-img":"","footer-sml-layout":"","theme-transparent-header-meta":"default","adv-header-id-meta":"","stick-header-meta":"","header-above-stick-meta":"","header-main-stick-meta":"","header-below-stick-meta":"","astra-migrate-meta-layouts":"set","ast-page-background-enabled":"default","ast-page-background-meta":{"desktop":{"background-color":"var(--ast-global-color-5)","background-image":"","background-repeat":"repeat","background-position":"center center","background-size":"auto","background-attachment":"scroll","background-type":"","background-media":"","overlay-type":"","overlay-color":"","overlay-opacity":"","overlay-gradient":""},"tablet":{"background-color":"","background-image":"","background-repeat":"repeat","background-position":"center center","background-size":"auto","background-attachment":"scroll","background-type":"","background-media":"","overlay-type":"","overlay-color":"","overlay-opacity":"","overlay-gradient":""},"mobile":{"background-color":"","background-image":"","background-repeat":"repeat","background-position":"center center","background-size":"auto","background-attachment":"scroll","background-type":"","background-media":"","overlay-type":"","overlay-color":"","overlay-opacity":"","overlay-gradient":""}},"ast-content-background-meta":{"desktop":{"background-color":"var(--ast-global-color-4)","background-image":"","background-repeat":"repeat","background-position":"center center","background-size":"auto","background-attachment":"scroll","background-type":"","background-media":"","overlay-type":"","overlay-color":"","overlay-opacity":"","overlay-gradient":""},"tablet":{"background-color":"var(--ast-global-color-4)","background-image":"","background-repeat":"repeat","background-position":"center center","background-size":"auto","background-attachment":"scroll","background-type":"","background-media":"","overlay-type":"","overlay-color":"","overlay-opacity":"","overlay-gradient":""},"mobile":{"background-color":"var(--ast-global-color-4)","background-image":"","background-repeat":"repeat","background-position":"center center","background-size":"auto","background-attachment":"scroll","background-type":"","background-media":"","overlay-type":"","overlay-color":"","overlay-opacity":"","overlay-gradient":""}}},"product_brand":[],"product_cat":[26],"product_tag":[],"class_list":{"0":"post-360","1":"product","2":"type-product","3":"status-publish","4":"has-post-thumbnail","6":"product_cat-sieges-auto-bebes","7":"desktop-align-left","8":"tablet-align-left","9":"mobile-align-left","11":"first","12":"instock","13":"shipping-taxable","14":"purchasable","15":"product-type-variable"},"_links":{"self":[{"href":"https:\/\/babyhouse-fr.com\/index.php?rest_route=\/wp\/v2\/product\/360","targetHints":{"allow":["GET"]}}],"collection":[{"href":"https:\/\/babyhouse-fr.com\/index.php?rest_route=\/wp\/v2\/product"}],"about":[{"href":"https:\/\/babyhouse-fr.com\/index.php?rest_route=\/wp\/v2\/types\/product"}],"replies":[{"embeddable":true,"href":"https:\/\/babyhouse-fr.com\/index.php?rest_route=%2Fwp%2Fv2%2Fcomments&post=360"}],"wp:featuredmedia":[{"embeddable":true,"href":"https:\/\/babyhouse-fr.com\/index.php?rest_route=\/wp\/v2\/media\/363"}],"wp:attachment":[{"href":"https:\/\/babyhouse-fr.com\/index.php?rest_route=%2Fwp%2Fv2%2Fmedia&parent=360"}],"wp:term":[{"taxonomy":"product_brand","embeddable":true,"href":"https:\/\/babyhouse-fr.com\/index.php?rest_route=%2Fwp%2Fv2%2Fproduct_brand&post=360"},{"taxonomy":"product_cat","embeddable":true,"href":"https:\/\/babyhouse-fr.com\/index.php?rest_route=%2Fwp%2Fv2%2Fproduct_cat&post=360"},{"taxonomy":"product_tag","embeddable":true,"href":"https:\/\/babyhouse-fr.com\/index.php?rest_route=%2Fwp%2Fv2%2Fproduct_tag&post=360"}],"curies":[{"name":"wp","href":"https:\/\/api.w.org\/{rel}","templated":true}]}}