{"id":375,"date":"2025-05-18T01:54:36","date_gmt":"2025-05-18T01:54:36","guid":{"rendered":"https:\/\/babyhouse-fr.com\/?post_type=product&#038;p=375"},"modified":"2025-05-19T10:13:16","modified_gmt":"2025-05-19T10:13:16","slug":"babyphone-video-ecoprotect","status":"publish","type":"product","link":"https:\/\/babyhouse-fr.com\/?product=babyphone-video-ecoprotect","title":{"rendered":"Babyphone vid\u00e9o EcoProtect"},"content":{"rendered":"<div class=\"emoji-benefits-container\" style=\"--margin-top: 1.5rem; --margin-bottom: 1.5rem;\">\n<p>\u2714 Surveillance sans ondes<br \/>\n\u2714 R\u00e9ponse rapide aux pleurs<br \/>\n\u2714 Temp\u00e9rature sous contr\u00f4le<br \/>\n\u2714 Sonde haute sensibilit\u00e9<br \/>\n\u2714 Affichage clair<\/p>\n<\/div>\n<div class=\"product__description rte quick-add-hidden\" style=\"--margin-top: 1.5rem; --margin-bottom: 1.5rem;\">\n<p>Le\u00a0<strong>Babyphone vid\u00e9o sans Onde EcoProtect\u00a0<\/strong>\u00a0vous permet de surveiller votre b\u00e9b\u00e9 en toute tranquillit\u00e9. Profitez d&#8217;une\u00a0<strong>qualit\u00e9 d&#8217;image exceptionnelle<\/strong>\u00a0et\u00a0<strong>d&#8217;une multitude de fonctionnalit\u00e9s<\/strong>\u00a0pens\u00e9es pour\u00a0<strong>la s\u00e9curit\u00e9 et le bien-\u00eatre de votre enfant.<\/strong><\/p>\n<\/div>\n","protected":false},"excerpt":{"rendered":"<p>\u2714 Surveillance sans ondes \u2714 R\u00e9ponse rapide aux pleurs \u2714 Temp\u00e9rature sous contr\u00f4le \u2714 Sonde haute sensibilit\u00e9 \u2714 Affichage clair [&hellip;]<\/p>\n","protected":false},"featured_media":376,"comment_status":"open","ping_status":"closed","template":"","meta":{"site-sidebar-layout":"default","site-content-layout":"","ast-site-content-layout":"default","site-content-style":"default","site-sidebar-style":"default","ast-global-header-display":"","ast-banner-title-visibility":"","ast-main-header-display":"","ast-hfb-above-header-display":"","ast-hfb-below-header-display":"","ast-hfb-mobile-header-display":"","site-post-title":"","ast-breadcrumbs-content":"","ast-featured-img":"","footer-sml-layout":"","theme-transparent-header-meta":"default","adv-header-id-meta":"","stick-header-meta":"","header-above-stick-meta":"","header-main-stick-meta":"","header-below-stick-meta":"","astra-migrate-meta-layouts":"set","ast-page-background-enabled":"default","ast-page-background-meta":{"desktop":{"background-color":"var(--ast-global-color-5)","background-image":"","background-repeat":"repeat","background-position":"center center","background-size":"auto","background-attachment":"scroll","background-type":"","background-media":"","overlay-type":"","overlay-color":"","overlay-opacity":"","overlay-gradient":""},"tablet":{"background-color":"","background-image":"","background-repeat":"repeat","background-position":"center center","background-size":"auto","background-attachment":"scroll","background-type":"","background-media":"","overlay-type":"","overlay-color":"","overlay-opacity":"","overlay-gradient":""},"mobile":{"background-color":"","background-image":"","background-repeat":"repeat","background-position":"center center","background-size":"auto","background-attachment":"scroll","background-type":"","background-media":"","overlay-type":"","overlay-color":"","overlay-opacity":"","overlay-gradient":""}},"ast-content-background-meta":{"desktop":{"background-color":"var(--ast-global-color-4)","background-image":"","background-repeat":"repeat","background-position":"center center","background-size":"auto","background-attachment":"scroll","background-type":"","background-media":"","overlay-type":"","overlay-color":"","overlay-opacity":"","overlay-gradient":""},"tablet":{"background-color":"var(--ast-global-color-4)","background-image":"","background-repeat":"repeat","background-position":"center center","background-size":"auto","background-attachment":"scroll","background-type":"","background-media":"","overlay-type":"","overlay-color":"","overlay-opacity":"","overlay-gradient":""},"mobile":{"background-color":"var(--ast-global-color-4)","background-image":"","background-repeat":"repeat","background-position":"center center","background-size":"auto","background-attachment":"scroll","background-type":"","background-media":"","overlay-type":"","overlay-color":"","overlay-opacity":"","overlay-gradient":""}}},"product_brand":[],"product_cat":[29],"product_tag":[],"class_list":{"0":"post-375","1":"product","2":"type-product","3":"status-publish","4":"has-post-thumbnail","6":"product_cat-babyphones-videos","7":"desktop-align-left","8":"tablet-align-left","9":"mobile-align-left","11":"first","12":"instock","13":"shipping-taxable","14":"purchasable","15":"product-type-simple"},"_links":{"self":[{"href":"https:\/\/babyhouse-fr.com\/index.php?rest_route=\/wp\/v2\/product\/375","targetHints":{"allow":["GET"]}}],"collection":[{"href":"https:\/\/babyhouse-fr.com\/index.php?rest_route=\/wp\/v2\/product"}],"about":[{"href":"https:\/\/babyhouse-fr.com\/index.php?rest_route=\/wp\/v2\/types\/product"}],"replies":[{"embeddable":true,"href":"https:\/\/babyhouse-fr.com\/index.php?rest_route=%2Fwp%2Fv2%2Fcomments&post=375"}],"wp:featuredmedia":[{"embeddable":true,"href":"https:\/\/babyhouse-fr.com\/index.php?rest_route=\/wp\/v2\/media\/376"}],"wp:attachment":[{"href":"https:\/\/babyhouse-fr.com\/index.php?rest_route=%2Fwp%2Fv2%2Fmedia&parent=375"}],"wp:term":[{"taxonomy":"product_brand","embeddable":true,"href":"https:\/\/babyhouse-fr.com\/index.php?rest_route=%2Fwp%2Fv2%2Fproduct_brand&post=375"},{"taxonomy":"product_cat","embeddable":true,"href":"https:\/\/babyhouse-fr.com\/index.php?rest_route=%2Fwp%2Fv2%2Fproduct_cat&post=375"},{"taxonomy":"product_tag","embeddable":true,"href":"https:\/\/babyhouse-fr.com\/index.php?rest_route=%2Fwp%2Fv2%2Fproduct_tag&post=375"}],"curies":[{"name":"wp","href":"https:\/\/api.w.org\/{rel}","templated":true}]}}