{"id":380,"date":"2025-05-18T01:58:04","date_gmt":"2025-05-18T01:58:04","guid":{"rendered":"https:\/\/babyhouse-fr.com\/?post_type=product&#038;p=380"},"modified":"2025-09-21T17:23:50","modified_gmt":"2025-09-21T17:23:50","slug":"babyphone-video-serenite-pro","status":"publish","type":"product","link":"https:\/\/babyhouse-fr.com\/?product=babyphone-video-serenite-pro","title":{"rendered":"Babyphone vid\u00e9o S\u00e9r\u00e9nit\u00e9 Pro"},"content":{"rendered":"<div id=\"ProductAccordion-collapsible_tab_hd8fqp-template--23703617274120__main\" class=\"accordion__content rte\">\n<p><strong>Comprenez votre b\u00e9b\u00e9 d\u00e8s ses premiers pleurs<\/strong><\/p>\n<p>Votre nouveau-n\u00e9 communique ses besoins \u00e0 travers ses pleurs. Comprendre ce langage peut \u00eatre un v\u00e9ritable d\u00e9fi pour les parents. Le Babyphone Vid\u00e9o S\u00e9r\u00e9nit\u00e9 Pro, \u00e9quip\u00e9 de la technologie avanc\u00e9e BabySense, vous aide \u00e0 relever ce d\u00e9fi. Ce dispositif innovant d\u00e9tecte et analyse les pleurs de votre b\u00e9b\u00e9 pour vous indiquer s\u2019il est fatigu\u00e9, irritable, affam\u00e9, ballonn\u00e9 ou ag\u00e9. De plus, il vous offre des conseils personnalis\u00e9s pour r\u00e9conforter votre tout-petit. Connect\u00e9 via une application, il diffuse des images Ultra HD en direct sur l\u2019\u00e9cran parental 5 pouces, vous permettant de pincer et zoomer pour surveiller votre b\u00e9b\u00e9, m\u00eame dans l\u2019obscurit\u00e9.<\/p>\n<p><strong>Technologie avanc\u00e9e<\/strong><\/p>\n<p>Gr\u00e2ce \u00e0 la technologie BabySense, le Babyphone Vid\u00e9o S\u00e9r\u00e9nit\u00e9 Pro identifie les pleurs de votre b\u00e9b\u00e9 d\u00e8s le premier jour. Ce syst\u00e8me d\u2019intelligence artificielle compare les sons \u00e0 une vaste base de donn\u00e9es d\u2019ondes sonores pour analyser instantan\u00e9ment les raisons des pleurs. Le Babyphone Vid\u00e9o S\u00e9r\u00e9nit\u00e9 Pro vous pr\u00e9vient imm\u00e9diatement et vous informe sur la cause pr\u00e9sum\u00e9e : fatigue, irritabilit\u00e9, faim, ballonnement ou agitation. Des conseils pratiques pour apaiser votre b\u00e9b\u00e9 vous sont alors propos\u00e9s, accompagn\u00e9s de sons apaisants favorisant le retour au calme. Pour assurer votre confidentialit\u00e9, les donn\u00e9es de diffusion sont enti\u00e8rement crypt\u00e9es. De plus, chaque achat du Babyphone Vid\u00e9o S\u00e9r\u00e9nit\u00e9 Pro inclut 6 mois d\u2019acc\u00e8s gratuit \u00e0 la technologie BabySense, que vous pouvez activer au moment de votre choix. Pass\u00e9 cette p\u00e9riode, vous avez la possibilit\u00e9 de prolonger l\u2019abonnement directement depuis l\u2019application.<\/p>\n<p><strong>Facilit\u00e9 d\u2019utilisation<\/strong><\/p>\n<p>Bien que dot\u00e9 de technologies avanc\u00e9es, le Babyphone Vid\u00e9o S\u00e9r\u00e9nit\u00e9 Pro est con\u00e7u pour \u00eatre simple et intuitif. Chaque parent veut r\u00e9pondre rapidement aux besoins de son b\u00e9b\u00e9. Avec la technologie BabySense, vous savez imm\u00e9diatement si votre enfant a besoin d\u2019\u00eatre nourri, berc\u00e9 ou chang\u00e9. La diffusion en direct Ultra HD, la vision nocturne et les fonctions de panoramique, d\u2019inclinaison et de zoom contr\u00f4l\u00e9es \u00e0 distance vous permettent de garder un \u0153il attentif sur votre b\u00e9b\u00e9 en permanence, o\u00f9 que vous soyez. En plus de l\u2019application mobile, l\u2019\u00e9cran parental de 5 pouces offre une option de surveillance pratique. Vous pouvez \u00e9galement activer des berceuses ou des bruits blancs apaisants et b\u00e9n\u00e9ficier d\u2019une fonction de conversation bidirectionnelle, permettant de rassurer votre b\u00e9b\u00e9 avec votre voix avant m\u00eame d\u2019entrer dans sa chambre.<\/p>\n<p><strong>Design \u00e9l\u00e9gant et fonctionnel<\/strong><\/p>\n<p>Unique, intelligent et esth\u00e9tique, le Babyphone Vid\u00e9o S\u00e9r\u00e9nit\u00e9 Pro arbore un design moderne et \u00e9l\u00e9gant, con\u00e7u pour s\u2019int\u00e9grer harmonieusement \u00e0 tout int\u00e9rieur. Ses bords incurv\u00e9s et ses teintes naturelles cr\u00e9ent une ambiance douce et apaisante propice au sommeil de votre b\u00e9b\u00e9. Malgr\u00e9 son design minimaliste, ce babyphone cache une technologie de pointe. Son support inclin\u00e9 \u00e0 30\u00b0 offre une vue optimale sur votre enfant, que vous le placiez sur une \u00e9tag\u00e8re ou le fixiez au mur.<\/p>\n<p><strong>Regardez. \u00c9coutez. Apprenez.<\/strong><\/p>\n<p>Obtenez toutes les r\u00e9ponses dont vous avez besoin gr\u00e2ce \u00e0 l\u2019application connect\u00e9e du Babyphone Vid\u00e9o S\u00e9r\u00e9nit\u00e9 Pro. Faisant partie de la gamme Connected Home de produits de pu\u00e9riculture intelligents, ce babyphone offre des alertes en direct sur votre t\u00e9l\u00e9phone et sur l\u2019\u00e9cran parental. Vous \u00eates inform\u00e9(e) des pleurs de votre b\u00e9b\u00e9, des mouvements d\u00e9tect\u00e9s et des variations de temp\u00e9rature et d\u2019hum\u00e9dicit\u00e9 dans la chambre. Gr\u00e2ce \u00e0 des routines automatis\u00e9es et des param\u00e8tres personnalis\u00e9s, adaptez le Babyphone Vid\u00e9o S\u00e9r\u00e9nit\u00e9 Pro au quotidien de votre famille. Avec sa technologie avanc\u00e9e, il vous aide \u00e0 comprendre les besoins de votre b\u00e9b\u00e9, pour que vous puissiez profiter de nuits plus sereines.<\/p>\n<\/div>\n","protected":false},"excerpt":{"rendered":"<div class=\"product__description rte quick-add-hidden\" style=\"--margin-top: 1.5rem; --margin-bottom: 1.5rem;\">\n<p>D\u00e9couvrez le Babyphone Vid\u00e9o S\u00e9r\u00e9nit\u00e9 Pro. <strong>Bien plus qu&#8217;un simple d\u00e9tecteur de pleurs<\/strong>, il identifie la cause de l&#8217;inconfort de votre b\u00e9b\u00e9 : <strong>sommeil, faim, irritation, ballonnements ou agitation<\/strong>. En prime, il vous fournit des <strong>conseils personnalis\u00e9s<\/strong> pour calmer votre tout-petit en toute simplicit\u00e9.<\/p>\n<\/div>\n","protected":false},"featured_media":382,"comment_status":"open","ping_status":"closed","template":"","meta":{"site-sidebar-layout":"default","site-content-layout":"","ast-site-content-layout":"default","site-content-style":"default","site-sidebar-style":"default","ast-global-header-display":"","ast-banner-title-visibility":"","ast-main-header-display":"","ast-hfb-above-header-display":"","ast-hfb-below-header-display":"","ast-hfb-mobile-header-display":"","site-post-title":"","ast-breadcrumbs-content":"","ast-featured-img":"","footer-sml-layout":"","theme-transparent-header-meta":"default","adv-header-id-meta":"","stick-header-meta":"","header-above-stick-meta":"","header-main-stick-meta":"","header-below-stick-meta":"","astra-migrate-meta-layouts":"set","ast-page-background-enabled":"default","ast-page-background-meta":{"desktop":{"background-color":"var(--ast-global-color-5)","background-image":"","background-repeat":"repeat","background-position":"center center","background-size":"auto","background-attachment":"scroll","background-type":"","background-media":"","overlay-type":"","overlay-color":"","overlay-opacity":"","overlay-gradient":""},"tablet":{"background-color":"","background-image":"","background-repeat":"repeat","background-position":"center center","background-size":"auto","background-attachment":"scroll","background-type":"","background-media":"","overlay-type":"","overlay-color":"","overlay-opacity":"","overlay-gradient":""},"mobile":{"background-color":"","background-image":"","background-repeat":"repeat","background-position":"center center","background-size":"auto","background-attachment":"scroll","background-type":"","background-media":"","overlay-type":"","overlay-color":"","overlay-opacity":"","overlay-gradient":""}},"ast-content-background-meta":{"desktop":{"background-color":"var(--ast-global-color-4)","background-image":"","background-repeat":"repeat","background-position":"center center","background-size":"auto","background-attachment":"scroll","background-type":"","background-media":"","overlay-type":"","overlay-color":"","overlay-opacity":"","overlay-gradient":""},"tablet":{"background-color":"var(--ast-global-color-4)","background-image":"","background-repeat":"repeat","background-position":"center center","background-size":"auto","background-attachment":"scroll","background-type":"","background-media":"","overlay-type":"","overlay-color":"","overlay-opacity":"","overlay-gradient":""},"mobile":{"background-color":"var(--ast-global-color-4)","background-image":"","background-repeat":"repeat","background-position":"center center","background-size":"auto","background-attachment":"scroll","background-type":"","background-media":"","overlay-type":"","overlay-color":"","overlay-opacity":"","overlay-gradient":""}}},"product_brand":[],"product_cat":[29],"product_tag":[],"class_list":{"0":"post-380","1":"product","2":"type-product","3":"status-publish","4":"has-post-thumbnail","6":"product_cat-babyphones-videos","7":"desktop-align-left","8":"tablet-align-left","9":"mobile-align-left","11":"first","12":"instock","13":"shipping-taxable","14":"purchasable","15":"product-type-simple"},"_links":{"self":[{"href":"https:\/\/babyhouse-fr.com\/index.php?rest_route=\/wp\/v2\/product\/380","targetHints":{"allow":["GET"]}}],"collection":[{"href":"https:\/\/babyhouse-fr.com\/index.php?rest_route=\/wp\/v2\/product"}],"about":[{"href":"https:\/\/babyhouse-fr.com\/index.php?rest_route=\/wp\/v2\/types\/product"}],"replies":[{"embeddable":true,"href":"https:\/\/babyhouse-fr.com\/index.php?rest_route=%2Fwp%2Fv2%2Fcomments&post=380"}],"wp:featuredmedia":[{"embeddable":true,"href":"https:\/\/babyhouse-fr.com\/index.php?rest_route=\/wp\/v2\/media\/382"}],"wp:attachment":[{"href":"https:\/\/babyhouse-fr.com\/index.php?rest_route=%2Fwp%2Fv2%2Fmedia&parent=380"}],"wp:term":[{"taxonomy":"product_brand","embeddable":true,"href":"https:\/\/babyhouse-fr.com\/index.php?rest_route=%2Fwp%2Fv2%2Fproduct_brand&post=380"},{"taxonomy":"product_cat","embeddable":true,"href":"https:\/\/babyhouse-fr.com\/index.php?rest_route=%2Fwp%2Fv2%2Fproduct_cat&post=380"},{"taxonomy":"product_tag","embeddable":true,"href":"https:\/\/babyhouse-fr.com\/index.php?rest_route=%2Fwp%2Fv2%2Fproduct_tag&post=380"}],"curies":[{"name":"wp","href":"https:\/\/api.w.org\/{rel}","templated":true}]}}