{"id":383,"date":"2025-05-18T01:59:29","date_gmt":"2025-05-18T01:59:29","guid":{"rendered":"https:\/\/babyhouse-fr.com\/?post_type=product&#038;p=383"},"modified":"2025-12-05T12:02:41","modified_gmt":"2025-12-05T12:02:41","slug":"babyphone-video-avec-detecteur-de-mouvements-safesleep","status":"publish","type":"product","link":"https:\/\/babyhouse-fr.com\/?product=babyphone-video-avec-detecteur-de-mouvements-safesleep","title":{"rendered":"Babyphone vid\u00e9o avec d\u00e9tecteur de mouvements SafeSleep"},"content":{"rendered":"<div class=\"emoji-benefits-container\" style=\"--margin-top: 1.5rem; --margin-bottom: 1.5rem;\">\n<p>\u2714 \u00c9cran couleur LCD de 4,3 pouces<br \/>\n\u2714 Vision nocturne infrarouge<br \/>\n\u2714 Communication audio bidirectionnelle<br \/>\n\u2714 Aucune connexion Wi-Fi n\u00e9cessaire<\/p>\n<\/div>\n<div class=\"product__description rte quick-add-hidden\" style=\"--margin-top: 1.5rem; --margin-bottom: 1.5rem;\">\n<p>Restez <strong>serein<\/strong> pendant le sommeil de votre b\u00e9b\u00e9 : <strong>suivez ses moindres mouvements<\/strong> gr\u00e2ce \u00e0 4 niveaux de sensibilit\u00e9. Profitez de l&#8217;affichage de la <strong>temp\u00e9rature ambiante<\/strong>, de la fonction \u00ab <strong>parler \u00e0 b\u00e9b\u00e9<\/strong> \u00bb et de 6<strong> berceuses apaisantes<\/strong>. Une <strong>veilleuse douce<\/strong> et un <strong>\u00e9cran LCD 4,3\u2019\u2019<\/strong> avec vision nocturne infrarouge vous permettent de garder un \u0153il sur lui, m\u00eame dans l&#8217;obscurit\u00e9.<\/p>\n<\/div>\n","protected":false},"excerpt":{"rendered":"<p>\u2714 \u00c9cran couleur LCD de 4,3 pouces \u2714 Vision nocturne infrarouge \u2714 Communication audio bidirectionnelle \u2714 Aucune connexion Wi-Fi n\u00e9cessaire [&hellip;]<\/p>\n","protected":false},"featured_media":384,"comment_status":"open","ping_status":"closed","template":"","meta":{"site-sidebar-layout":"default","site-content-layout":"","ast-site-content-layout":"default","site-content-style":"default","site-sidebar-style":"default","ast-global-header-display":"","ast-banner-title-visibility":"","ast-main-header-display":"","ast-hfb-above-header-display":"","ast-hfb-below-header-display":"","ast-hfb-mobile-header-display":"","site-post-title":"","ast-breadcrumbs-content":"","ast-featured-img":"","footer-sml-layout":"","theme-transparent-header-meta":"default","adv-header-id-meta":"","stick-header-meta":"","header-above-stick-meta":"","header-main-stick-meta":"","header-below-stick-meta":"","astra-migrate-meta-layouts":"set","ast-page-background-enabled":"default","ast-page-background-meta":{"desktop":{"background-color":"var(--ast-global-color-5)","background-image":"","background-repeat":"repeat","background-position":"center center","background-size":"auto","background-attachment":"scroll","background-type":"","background-media":"","overlay-type":"","overlay-color":"","overlay-opacity":"","overlay-gradient":""},"tablet":{"background-color":"","background-image":"","background-repeat":"repeat","background-position":"center center","background-size":"auto","background-attachment":"scroll","background-type":"","background-media":"","overlay-type":"","overlay-color":"","overlay-opacity":"","overlay-gradient":""},"mobile":{"background-color":"","background-image":"","background-repeat":"repeat","background-position":"center center","background-size":"auto","background-attachment":"scroll","background-type":"","background-media":"","overlay-type":"","overlay-color":"","overlay-opacity":"","overlay-gradient":""}},"ast-content-background-meta":{"desktop":{"background-color":"var(--ast-global-color-4)","background-image":"","background-repeat":"repeat","background-position":"center center","background-size":"auto","background-attachment":"scroll","background-type":"","background-media":"","overlay-type":"","overlay-color":"","overlay-opacity":"","overlay-gradient":""},"tablet":{"background-color":"var(--ast-global-color-4)","background-image":"","background-repeat":"repeat","background-position":"center center","background-size":"auto","background-attachment":"scroll","background-type":"","background-media":"","overlay-type":"","overlay-color":"","overlay-opacity":"","overlay-gradient":""},"mobile":{"background-color":"var(--ast-global-color-4)","background-image":"","background-repeat":"repeat","background-position":"center center","background-size":"auto","background-attachment":"scroll","background-type":"","background-media":"","overlay-type":"","overlay-color":"","overlay-opacity":"","overlay-gradient":""}}},"product_brand":[],"product_cat":[29],"product_tag":[],"class_list":{"0":"post-383","1":"product","2":"type-product","3":"status-publish","4":"has-post-thumbnail","6":"product_cat-babyphones-videos","7":"desktop-align-left","8":"tablet-align-left","9":"mobile-align-left","11":"first","12":"instock","13":"shipping-taxable","14":"purchasable","15":"product-type-simple"},"_links":{"self":[{"href":"https:\/\/babyhouse-fr.com\/index.php?rest_route=\/wp\/v2\/product\/383","targetHints":{"allow":["GET"]}}],"collection":[{"href":"https:\/\/babyhouse-fr.com\/index.php?rest_route=\/wp\/v2\/product"}],"about":[{"href":"https:\/\/babyhouse-fr.com\/index.php?rest_route=\/wp\/v2\/types\/product"}],"replies":[{"embeddable":true,"href":"https:\/\/babyhouse-fr.com\/index.php?rest_route=%2Fwp%2Fv2%2Fcomments&post=383"}],"wp:featuredmedia":[{"embeddable":true,"href":"https:\/\/babyhouse-fr.com\/index.php?rest_route=\/wp\/v2\/media\/384"}],"wp:attachment":[{"href":"https:\/\/babyhouse-fr.com\/index.php?rest_route=%2Fwp%2Fv2%2Fmedia&parent=383"}],"wp:term":[{"taxonomy":"product_brand","embeddable":true,"href":"https:\/\/babyhouse-fr.com\/index.php?rest_route=%2Fwp%2Fv2%2Fproduct_brand&post=383"},{"taxonomy":"product_cat","embeddable":true,"href":"https:\/\/babyhouse-fr.com\/index.php?rest_route=%2Fwp%2Fv2%2Fproduct_cat&post=383"},{"taxonomy":"product_tag","embeddable":true,"href":"https:\/\/babyhouse-fr.com\/index.php?rest_route=%2Fwp%2Fv2%2Fproduct_tag&post=383"}],"curies":[{"name":"wp","href":"https:\/\/api.w.org\/{rel}","templated":true}]}}