{"id":385,"date":"2025-05-18T02:01:49","date_gmt":"2025-05-18T02:01:49","guid":{"rendered":"https:\/\/babyhouse-fr.com\/?post_type=product&#038;p=385"},"modified":"2025-08-28T18:00:32","modified_gmt":"2025-08-28T18:00:32","slug":"chaise-haute-eva","status":"publish","type":"product","link":"https:\/\/babyhouse-fr.com\/?product=chaise-haute-eva","title":{"rendered":"Chaise haute Eva"},"content":{"rendered":"<div id=\"ProductAccordion-collapsible_tab_hd8fqp-template--23742410588424__main\" class=\"accordion__content rte\">\n<p><strong>Si l\u2019espace de vie de la famille est limit\u00e9, la chaise haute Eva est id\u00e9ale pour gagner de la place.<\/strong><\/p>\n<p>Tr\u00e8s l\u00e9g\u00e8re, puisqu\u2019elle p\u00e8se seulement <strong>4,8 kg<\/strong>, elle est tr\u00e8s compacte une fois pli\u00e9e et vous la rangerez facilement hors de vue. Lorsque votre b\u00e9b\u00e9 commence \u00e0 manger des aliments solides, <strong>Eva<\/strong> est un mod\u00e8le de choix. Utilisable d\u00e8s la naissance, elle l\u2019accompagne dans sa diversification alimentaire jusqu\u2019\u00e0 <strong>3 ans<\/strong>, toujours avec l\u2019inclinaison parfaite. Gr\u00e2ce \u00e0 sa <strong>housse lavable en machine<\/strong>, vous ferez dispara\u00eetre sans effort les souvenirs de repas salissants ! <strong>Eva<\/strong> est un mod\u00e8le de la gamme compacte, simple et \u00e9l\u00e9gante.<\/p>\n<p><strong>Caract\u00e9ristiques de confort<\/strong><br \/>\nInclinable sur <strong>trois positions<\/strong> et dot\u00e9e d\u2019un <strong>si\u00e8ge molletonn\u00e9 confortable<\/strong>, la chaise haute <strong>Eva<\/strong> est tr\u00e8s agr\u00e9able pour votre b\u00e9b\u00e9, qu\u2019il soit allong\u00e9 ou assis. Gr\u00e2ce \u00e0 son <strong>plateau r\u00e9glable sur trois positions<\/strong>, elle accompagne la croissance de votre enfant. Du petit-d\u00e9jeuner au d\u00eener en famille, en passant par le d\u00e9jeuner et le go\u00fbter, il sera confortablement install\u00e9 pendant des ann\u00e9es.<\/p>\n<p><strong>Facilit\u00e9 d\u2019utilisation<\/strong><br \/>\nNi le yaourt ni les spaghettis en sauce ne lui font peur ! Rev\u00eatue de <strong>tissus hydrofuges, amovibles et lavables en machine<\/strong>, la chaise haute <strong>Eva<\/strong> est extr\u00eamement facile \u00e0 nettoyer, m\u00eame quand le repas a \u00e9t\u00e9 particuli\u00e8rement salissant. Il suffit de les essuyer ou de les mettre \u00e0 la machine. Les parents vont appr\u00e9cier ! Lorsque tous les \u00ab souvenirs \u00bb d\u2019un repas ont \u00e9t\u00e9 nettoy\u00e9s, <strong>Eva<\/strong> se range en un tournemain : sa <strong>l\u00e9g\u00e8ret\u00e9 (4,8 kg seulement)<\/strong> et sa <strong>poign\u00e9e int\u00e9gr\u00e9e<\/strong> permettent de la replier tr\u00e8s facilement. Vous gagnez ainsi de l\u2019espace pour jouer, vous d\u00e9tendre et vivre en famille.<\/p>\n<p><strong>Tranche d&#8217;\u00e2ge<\/strong><br \/>\nAvec ses <strong>trois positions d\u2019inclinaison<\/strong>, <strong>Eva<\/strong> est la chaise haute parfaite lorsque le temps de d\u00e9couvrir de nouveaux aliments est venu pour votre b\u00e9b\u00e9. Utilisable d\u00e8s sa <strong>naissance<\/strong>, elle l\u2019accompagnera dans sa diversification alimentaire jusqu\u2019\u00e0 ses <strong>3 ans<\/strong>. Maintenu en toute s\u00e9curit\u00e9 sur son <strong>si\u00e8ge molletonn\u00e9<\/strong>, il sera parfaitement install\u00e9 pour commencer \u00e0 d\u00e9couvrir des textures et des saveurs nouvelles. Lorsque votre enfant sera assez grand pour s\u2019asseoir et manger des aliments solides, g\u00e9n\u00e9ralement vers l\u2019\u00e2ge de <strong>6 mois<\/strong>, vous pourrez utiliser le plateau. Par la suite, et jusqu\u2019\u00e0 ses <strong>3 ans<\/strong>, vous pourrez <strong>r\u00e9gler le plateau sur l\u2019une des 3 positions possibles<\/strong>, pour qu\u2019il soit bien install\u00e9 \u00e0 chaque repas. Ann\u00e9e apr\u00e8s ann\u00e9e.<\/p>\n<p><strong>Conception<\/strong><br \/>\nSimple, \u00e9l\u00e9gante et compacte, la chaise haute <strong>Eva<\/strong> trouvera sa place chez vous sans vous encombrer. Avec ses <strong>tissus 100 % recycl\u00e9s<\/strong> et sa finition <strong>effet bois<\/strong> tr\u00e8s r\u00e9ussie, <strong>Eva<\/strong> s\u2019int\u00e8gre dans tous les int\u00e9rieurs modernes. Ultra-compacte une fois pli\u00e9e, l\u00e9g\u00e8re (<strong>4,8 kg<\/strong>) et dot\u00e9e d\u2019une <strong>poign\u00e9e de transport int\u00e9gr\u00e9e<\/strong>, <strong>Eva<\/strong> vous suivra facilement lorsque vous partez en week-end. Et lorsque vous n\u2019en aurez plus besoin, vous la rangerez sans difficult\u00e9 (en attendant le petit fr\u00e8re ou la petite s\u0153ur ?). La conception d\u2019<strong>Eva<\/strong> prouve qu\u2019on peut profiter pleinement de son espace de vie, m\u00eame s\u2019il est limit\u00e9 !<\/p>\n<\/div>\n","protected":false},"excerpt":{"rendered":"<div class=\"product__description rte quick-add-hidden\" style=\"--margin-top: 1.5rem; --margin-bottom: 1.5rem;\">\n<p>Ultra-l\u00e9g\u00e8re et compacte, la chaise haute <strong>Eva<\/strong> est id\u00e9ale pour les petits espaces. Utilisable d\u00e8s la naissance jusqu\u2019\u00e0 3 ans, elle offre un confort optimal avec <strong>3 positions d\u2019inclinaison<\/strong> et un <strong>plateau r\u00e9glable<\/strong>. Facile \u00e0 nettoyer gr\u00e2ce \u00e0 sa housse lavable en machine, Eva se plie en un instant pour un rangement discret. Pratique, moderne et con\u00e7ue en tissus <strong>100 % recycl\u00e9s<\/strong>, elle allie style et simplicit\u00e9 pour faciliter la vie des parents.<\/p>\n<\/div>\n","protected":false},"featured_media":386,"comment_status":"open","ping_status":"closed","template":"","meta":{"site-sidebar-layout":"default","site-content-layout":"","ast-site-content-layout":"default","site-content-style":"default","site-sidebar-style":"default","ast-global-header-display":"","ast-banner-title-visibility":"","ast-main-header-display":"","ast-hfb-above-header-display":"","ast-hfb-below-header-display":"","ast-hfb-mobile-header-display":"","site-post-title":"","ast-breadcrumbs-content":"","ast-featured-img":"","footer-sml-layout":"","theme-transparent-header-meta":"default","adv-header-id-meta":"","stick-header-meta":"","header-above-stick-meta":"","header-main-stick-meta":"","header-below-stick-meta":"","astra-migrate-meta-layouts":"set","ast-page-background-enabled":"default","ast-page-background-meta":{"desktop":{"background-color":"var(--ast-global-color-5)","background-image":"","background-repeat":"repeat","background-position":"center center","background-size":"auto","background-attachment":"scroll","background-type":"","background-media":"","overlay-type":"","overlay-color":"","overlay-opacity":"","overlay-gradient":""},"tablet":{"background-color":"","background-image":"","background-repeat":"repeat","background-position":"center center","background-size":"auto","background-attachment":"scroll","background-type":"","background-media":"","overlay-type":"","overlay-color":"","overlay-opacity":"","overlay-gradient":""},"mobile":{"background-color":"","background-image":"","background-repeat":"repeat","background-position":"center center","background-size":"auto","background-attachment":"scroll","background-type":"","background-media":"","overlay-type":"","overlay-color":"","overlay-opacity":"","overlay-gradient":""}},"ast-content-background-meta":{"desktop":{"background-color":"var(--ast-global-color-4)","background-image":"","background-repeat":"repeat","background-position":"center center","background-size":"auto","background-attachment":"scroll","background-type":"","background-media":"","overlay-type":"","overlay-color":"","overlay-opacity":"","overlay-gradient":""},"tablet":{"background-color":"var(--ast-global-color-4)","background-image":"","background-repeat":"repeat","background-position":"center center","background-size":"auto","background-attachment":"scroll","background-type":"","background-media":"","overlay-type":"","overlay-color":"","overlay-opacity":"","overlay-gradient":""},"mobile":{"background-color":"var(--ast-global-color-4)","background-image":"","background-repeat":"repeat","background-position":"center center","background-size":"auto","background-attachment":"scroll","background-type":"","background-media":"","overlay-type":"","overlay-color":"","overlay-opacity":"","overlay-gradient":""}}},"product_brand":[],"product_cat":[30],"product_tag":[],"class_list":{"0":"post-385","1":"product","2":"type-product","3":"status-publish","4":"has-post-thumbnail","6":"product_cat-chaises-hautes","7":"desktop-align-left","8":"tablet-align-left","9":"mobile-align-left","11":"first","12":"instock","13":"shipping-taxable","14":"purchasable","15":"product-type-simple"},"_links":{"self":[{"href":"https:\/\/babyhouse-fr.com\/index.php?rest_route=\/wp\/v2\/product\/385","targetHints":{"allow":["GET"]}}],"collection":[{"href":"https:\/\/babyhouse-fr.com\/index.php?rest_route=\/wp\/v2\/product"}],"about":[{"href":"https:\/\/babyhouse-fr.com\/index.php?rest_route=\/wp\/v2\/types\/product"}],"replies":[{"embeddable":true,"href":"https:\/\/babyhouse-fr.com\/index.php?rest_route=%2Fwp%2Fv2%2Fcomments&post=385"}],"wp:featuredmedia":[{"embeddable":true,"href":"https:\/\/babyhouse-fr.com\/index.php?rest_route=\/wp\/v2\/media\/386"}],"wp:attachment":[{"href":"https:\/\/babyhouse-fr.com\/index.php?rest_route=%2Fwp%2Fv2%2Fmedia&parent=385"}],"wp:term":[{"taxonomy":"product_brand","embeddable":true,"href":"https:\/\/babyhouse-fr.com\/index.php?rest_route=%2Fwp%2Fv2%2Fproduct_brand&post=385"},{"taxonomy":"product_cat","embeddable":true,"href":"https:\/\/babyhouse-fr.com\/index.php?rest_route=%2Fwp%2Fv2%2Fproduct_cat&post=385"},{"taxonomy":"product_tag","embeddable":true,"href":"https:\/\/babyhouse-fr.com\/index.php?rest_route=%2Fwp%2Fv2%2Fproduct_tag&post=385"}],"curies":[{"name":"wp","href":"https:\/\/api.w.org\/{rel}","templated":true}]}}