{"id":389,"date":"2025-05-18T02:03:47","date_gmt":"2025-05-18T02:03:47","guid":{"rendered":"https:\/\/babyhouse-fr.com\/?post_type=product&#038;p=389"},"modified":"2025-05-19T10:10:20","modified_gmt":"2025-05-19T10:10:20","slug":"chaise-haute-4-en-1-loria","status":"publish","type":"product","link":"https:\/\/babyhouse-fr.com\/?product=chaise-haute-4-en-1-loria","title":{"rendered":"Chaise haute 4 en 1 Loria"},"content":{"rendered":"<div id=\"ProductAccordion-collapsible_tab_hd8fqp-template--23741483090184__main\" class=\"accordion__content rte\">\n<p><strong>Loria \u2013 La chaise haute \u00e9volutive 4-en-1<\/strong><\/p>\n<p>Loria est bien plus qu\u2019une simple chaise haute. Con\u00e7ue pour accompagner votre enfant de <strong>6 mois \u00e0 7 ans<\/strong>, elle s\u2019adapte et \u00e9volue avec lui. Modulable en <strong>chaise haute, rehausseur, tabouret pour tout-petit et bureau avec si\u00e8ge<\/strong>, elle r\u00e9pond aux besoins des familles tout en alliant style et praticit\u00e9.<\/p>\n<p><strong>Facilit\u00e9 d\u2019utilisation<\/strong><br \/>\nLoria simplifie votre quotidien gr\u00e2ce \u00e0 sa conception <strong>modulaire et intuitive<\/strong>. Facile \u00e0 configurer sans outils, elle propose 4 positions diff\u00e9rentes pour suivre la croissance de votre enfant. Son <strong>plateau amovible<\/strong> passe au lave-vaisselle et le harnais est lavable, pour un nettoyage rapide apr\u00e8s chaque repas.<\/p>\n<p><strong>Tranche d\u2019\u00e2ge<\/strong><br \/>\nAdapt\u00e9e de <strong>6 mois \u00e0 7 ans<\/strong>, Loria \u00e9volue au rythme de votre enfant. De chaise haute pour b\u00e9b\u00e9 \u00e0 bureau et si\u00e8ge polyvalents, elle \u00e9limine le besoin de plusieurs produits tout en restant pratique et confortable \u00e0 chaque \u00e9tape.<\/p>\n<p><strong>Confort et s\u00e9curit\u00e9<\/strong><br \/>\nGr\u00e2ce \u00e0 son <strong>repose-pieds r\u00e9glable<\/strong> et son harnais ajustable, Loria assure un confort optimal d\u00e8s les premiers repas. Ses mat\u00e9riaux de qualit\u00e9 et son design ergonomique offrent une assise agr\u00e9able et s\u00e9curis\u00e9e pour votre enfant.<\/p>\n<p><strong>Design moderne<\/strong><br \/>\nLoria allie <strong>style et fonctionnalit\u00e9<\/strong> avec son design minimaliste et contemporain. Ses lignes \u00e9pur\u00e9es et ses coloris \u00e9l\u00e9gants s\u2019int\u00e8grent parfaitement dans toutes les pi\u00e8ces de la maison. Con\u00e7ue sans plis pour \u00e9viter les r\u00e9sidus alimentaires, elle est aussi facile \u00e0 nettoyer qu\u2019\u00e0 admirer.<\/p>\n<p>Pens\u00e9e pour durer, <strong>Loria<\/strong> accompagne les repas, les jeux et l\u2019apprentissage tout en offrant un espace id\u00e9al pour que votre enfant <strong>grandisse, d\u00e9couvre et s\u2019\u00e9panouisse<\/strong>.<\/p>\n<\/div>\n","protected":false},"excerpt":{"rendered":"<div class=\"product__description rte quick-add-hidden\" style=\"--margin-top: 1.5rem; --margin-bottom: 1.5rem;\">\n<p>Pratique, \u00e9l\u00e9gante et \u00e9volutive, la chaise Loria accompagne votre enfant de 6 mois \u00e0 7 ans. Modulable en chaise haute, rehausseur, tabouret et bureau, elle allie confort, design et facilit\u00e9 d&#8217;entretien pour simplifier la vie des parents.<\/p>\n<\/div>\n","protected":false},"featured_media":390,"comment_status":"open","ping_status":"closed","template":"","meta":{"site-sidebar-layout":"default","site-content-layout":"","ast-site-content-layout":"default","site-content-style":"default","site-sidebar-style":"default","ast-global-header-display":"","ast-banner-title-visibility":"","ast-main-header-display":"","ast-hfb-above-header-display":"","ast-hfb-below-header-display":"","ast-hfb-mobile-header-display":"","site-post-title":"","ast-breadcrumbs-content":"","ast-featured-img":"","footer-sml-layout":"","theme-transparent-header-meta":"default","adv-header-id-meta":"","stick-header-meta":"","header-above-stick-meta":"","header-main-stick-meta":"","header-below-stick-meta":"","astra-migrate-meta-layouts":"set","ast-page-background-enabled":"default","ast-page-background-meta":{"desktop":{"background-color":"var(--ast-global-color-5)","background-image":"","background-repeat":"repeat","background-position":"center center","background-size":"auto","background-attachment":"scroll","background-type":"","background-media":"","overlay-type":"","overlay-color":"","overlay-opacity":"","overlay-gradient":""},"tablet":{"background-color":"","background-image":"","background-repeat":"repeat","background-position":"center center","background-size":"auto","background-attachment":"scroll","background-type":"","background-media":"","overlay-type":"","overlay-color":"","overlay-opacity":"","overlay-gradient":""},"mobile":{"background-color":"","background-image":"","background-repeat":"repeat","background-position":"center center","background-size":"auto","background-attachment":"scroll","background-type":"","background-media":"","overlay-type":"","overlay-color":"","overlay-opacity":"","overlay-gradient":""}},"ast-content-background-meta":{"desktop":{"background-color":"var(--ast-global-color-4)","background-image":"","background-repeat":"repeat","background-position":"center center","background-size":"auto","background-attachment":"scroll","background-type":"","background-media":"","overlay-type":"","overlay-color":"","overlay-opacity":"","overlay-gradient":""},"tablet":{"background-color":"var(--ast-global-color-4)","background-image":"","background-repeat":"repeat","background-position":"center center","background-size":"auto","background-attachment":"scroll","background-type":"","background-media":"","overlay-type":"","overlay-color":"","overlay-opacity":"","overlay-gradient":""},"mobile":{"background-color":"var(--ast-global-color-4)","background-image":"","background-repeat":"repeat","background-position":"center center","background-size":"auto","background-attachment":"scroll","background-type":"","background-media":"","overlay-type":"","overlay-color":"","overlay-opacity":"","overlay-gradient":""}}},"product_brand":[],"product_cat":[30],"product_tag":[],"class_list":{"0":"post-389","1":"product","2":"type-product","3":"status-publish","4":"has-post-thumbnail","6":"product_cat-chaises-hautes","7":"desktop-align-left","8":"tablet-align-left","9":"mobile-align-left","11":"first","12":"instock","13":"shipping-taxable","14":"purchasable","15":"product-type-simple"},"_links":{"self":[{"href":"https:\/\/babyhouse-fr.com\/index.php?rest_route=\/wp\/v2\/product\/389","targetHints":{"allow":["GET"]}}],"collection":[{"href":"https:\/\/babyhouse-fr.com\/index.php?rest_route=\/wp\/v2\/product"}],"about":[{"href":"https:\/\/babyhouse-fr.com\/index.php?rest_route=\/wp\/v2\/types\/product"}],"replies":[{"embeddable":true,"href":"https:\/\/babyhouse-fr.com\/index.php?rest_route=%2Fwp%2Fv2%2Fcomments&post=389"}],"wp:featuredmedia":[{"embeddable":true,"href":"https:\/\/babyhouse-fr.com\/index.php?rest_route=\/wp\/v2\/media\/390"}],"wp:attachment":[{"href":"https:\/\/babyhouse-fr.com\/index.php?rest_route=%2Fwp%2Fv2%2Fmedia&parent=389"}],"wp:term":[{"taxonomy":"product_brand","embeddable":true,"href":"https:\/\/babyhouse-fr.com\/index.php?rest_route=%2Fwp%2Fv2%2Fproduct_brand&post=389"},{"taxonomy":"product_cat","embeddable":true,"href":"https:\/\/babyhouse-fr.com\/index.php?rest_route=%2Fwp%2Fv2%2Fproduct_cat&post=389"},{"taxonomy":"product_tag","embeddable":true,"href":"https:\/\/babyhouse-fr.com\/index.php?rest_route=%2Fwp%2Fv2%2Fproduct_tag&post=389"}],"curies":[{"name":"wp","href":"https:\/\/api.w.org\/{rel}","templated":true}]}}