{"id":393,"date":"2025-05-18T02:06:01","date_gmt":"2025-05-18T02:06:01","guid":{"rendered":"https:\/\/babyhouse-fr.com\/?post_type=product&#038;p=393"},"modified":"2025-08-28T18:00:00","modified_gmt":"2025-08-28T18:00:00","slug":"chaise-haute-aurora","status":"publish","type":"product","link":"https:\/\/babyhouse-fr.com\/?product=chaise-haute-aurora","title":{"rendered":"Chaise haute Aurora"},"content":{"rendered":"<div id=\"ProductAccordion-collapsible_tab_hd8fqp-template--23742244061448__main\" class=\"accordion__content rte\">\n<p><strong>Aurora \u2013 La chaise haute \u00e9volutive 6-en-1<\/strong><\/p>\n<p>La chaise haute <strong>Aurora<\/strong> est bien plus qu\u2019une simple chaise. Con\u00e7ue pour accompagner votre enfant de la naissance \u00e0 14 ans, elle s\u2019adapte et \u00e9volue avec lui. Modulable en <strong>si\u00e8ge inclinable, chaise haute, r\u00e9hausseur et tabouret<\/strong>, elle r\u00e9pond aux besoins des familles tout en alliant <strong>style et praticit\u00e9<\/strong>. Avec des mat\u00e9riaux doux et des tissus 100 % recycl\u00e9s Eco Care, elle conjugue confort, durabilit\u00e9 et respect de l\u2019environnement.<\/p>\n<p><strong>Facilit\u00e9 d\u2019utilisation<\/strong><br \/>\nAurora simplifie la vie des parents gr\u00e2ce \u00e0 sa conception intuitive. <strong>Facile \u00e0 configurer sans outils<\/strong>, elle propose des options d\u2019ajustement pratiques comme ses <strong>5 positions d\u2019inclinaison<\/strong> et ses <strong>9 r\u00e9glages de hauteur<\/strong>. Vous pouvez <strong>ajuster la hauteur du si\u00e8ge d\u2019une seule main<\/strong> et retirer le plateau tout aussi facilement, id\u00e9al quand vous tenez votre enfant dans l\u2019autre bras. Le nettoyage est \u00e9galement simple gr\u00e2ce \u00e0 ses <strong>tissus d\u00e9perlants et lavables en machine<\/strong> et son <strong>plateau compatible lave-vaisselle<\/strong>. Une fois le repas termin\u00e9, <strong>la chaise se plie facilement<\/strong> pour un rangement compact et efficace.<\/p>\n<p><strong>Tranche d\u2019\u00e2ge<\/strong><br \/>\nPolyvalente et durable, la chaise Aurora peut \u00eatre utilis\u00e9e de <strong>0 \u00e0 14 ans<\/strong>. De la naissance \u00e0 6 mois, votre b\u00e9b\u00e9 peut se reposer confortablement dans le <strong>si\u00e8ge inclinable avec coussin r\u00e9ducteur<\/strong>. De 6 mois \u00e0 3 ans, la chaise devient une <strong>chaise haute ergonomique<\/strong> pour que votre enfant apprenne \u00e0 manger seul. Elle se transforme ensuite en <strong>si\u00e8ge r\u00e9hausseur<\/strong> (avec ou sans plateau), puis en <strong>tabouret<\/strong> utilisable jusqu\u2019\u00e0 14 ans et 60 kg. Cette \u00e9volution constante en fait une solution <strong>\u00e9conomique et durable<\/strong> pour les familles.<\/p>\n<p><strong>Confort et s\u00e9curit\u00e9<\/strong><br \/>\nLe confort et la s\u00e9curit\u00e9 sont au c\u0153ur de la conception d\u2019Aurora. Avec son <strong>coussin r\u00e9ducteur rembourr\u00e9<\/strong> pour les tout-petits et ses <strong>mati\u00e8res douces et respirantes<\/strong>, chaque si\u00e8ge offre une assise confortable. La chaise propose <strong>4 positions de repose-jambes<\/strong>, ce qui garantit une posture optimale \u00e0 chaque \u00e2ge. Son <strong>harnais \u00e0 5 points<\/strong> assure la s\u00e9curit\u00e9 de votre enfant pendant les repas, m\u00eame lorsqu\u2019il commence \u00e0 se d\u00e9placer.<\/p>\n<p><strong>Design moderne<\/strong><br \/>\nAvec ses <strong>lignes \u00e9pur\u00e9es<\/strong> et ses <strong>pieds \u00e0 effet bois<\/strong>, la chaise haute Aurora s\u2019int\u00e8gre harmonieusement dans tous les int\u00e9rieurs modernes. Disponible dans une gamme de <strong>coloris contemporains<\/strong>, elle combine <strong>style et fonctionnalit\u00e9<\/strong>. Son design pliable permet un rangement facile, m\u00eame dans les espaces r\u00e9duits. Les <strong>tissus 100 % recycl\u00e9s Eco Care<\/strong> offrent une durabilit\u00e9 et une douceur qui perdureront au fil des ann\u00e9es.<\/p>\n<p><strong>Pens\u00e9e pour durer, la chaise Aurora accompagne les repas, les jeux et l\u2019apprentissage tout en \u00e9voluant avec votre enfant.<\/strong><\/p>\n<\/div>\n","protected":false},"excerpt":{"rendered":"<div class=\"product__description rte quick-add-hidden\" style=\"--margin-top: 1.5rem; --margin-bottom: 1.5rem;\">\n<p>Polyvalente et \u00e9l\u00e9gante, la chaise haute <strong>Aurora<\/strong> accompagne votre enfant de la naissance \u00e0 14 ans. Modulable en <strong>si\u00e8ge inclinable, chaise haute, r\u00e9hausseur et tabouret<\/strong>, elle offre <strong>confort, s\u00e9curit\u00e9 et praticit\u00e9<\/strong> avec des <strong>ajustements en hauteur et en inclinaison<\/strong> pour suivre chaque \u00e9tape de la croissance de votre enfant.<\/p>\n<\/div>\n","protected":false},"featured_media":394,"comment_status":"open","ping_status":"closed","template":"","meta":{"site-sidebar-layout":"default","site-content-layout":"","ast-site-content-layout":"default","site-content-style":"default","site-sidebar-style":"default","ast-global-header-display":"","ast-banner-title-visibility":"","ast-main-header-display":"","ast-hfb-above-header-display":"","ast-hfb-below-header-display":"","ast-hfb-mobile-header-display":"","site-post-title":"","ast-breadcrumbs-content":"","ast-featured-img":"","footer-sml-layout":"","theme-transparent-header-meta":"default","adv-header-id-meta":"","stick-header-meta":"","header-above-stick-meta":"","header-main-stick-meta":"","header-below-stick-meta":"","astra-migrate-meta-layouts":"set","ast-page-background-enabled":"default","ast-page-background-meta":{"desktop":{"background-color":"var(--ast-global-color-5)","background-image":"","background-repeat":"repeat","background-position":"center center","background-size":"auto","background-attachment":"scroll","background-type":"","background-media":"","overlay-type":"","overlay-color":"","overlay-opacity":"","overlay-gradient":""},"tablet":{"background-color":"","background-image":"","background-repeat":"repeat","background-position":"center center","background-size":"auto","background-attachment":"scroll","background-type":"","background-media":"","overlay-type":"","overlay-color":"","overlay-opacity":"","overlay-gradient":""},"mobile":{"background-color":"","background-image":"","background-repeat":"repeat","background-position":"center center","background-size":"auto","background-attachment":"scroll","background-type":"","background-media":"","overlay-type":"","overlay-color":"","overlay-opacity":"","overlay-gradient":""}},"ast-content-background-meta":{"desktop":{"background-color":"var(--ast-global-color-4)","background-image":"","background-repeat":"repeat","background-position":"center center","background-size":"auto","background-attachment":"scroll","background-type":"","background-media":"","overlay-type":"","overlay-color":"","overlay-opacity":"","overlay-gradient":""},"tablet":{"background-color":"var(--ast-global-color-4)","background-image":"","background-repeat":"repeat","background-position":"center center","background-size":"auto","background-attachment":"scroll","background-type":"","background-media":"","overlay-type":"","overlay-color":"","overlay-opacity":"","overlay-gradient":""},"mobile":{"background-color":"var(--ast-global-color-4)","background-image":"","background-repeat":"repeat","background-position":"center center","background-size":"auto","background-attachment":"scroll","background-type":"","background-media":"","overlay-type":"","overlay-color":"","overlay-opacity":"","overlay-gradient":""}}},"product_brand":[],"product_cat":[30],"product_tag":[],"class_list":{"0":"post-393","1":"product","2":"type-product","3":"status-publish","4":"has-post-thumbnail","6":"product_cat-chaises-hautes","7":"desktop-align-left","8":"tablet-align-left","9":"mobile-align-left","11":"first","12":"instock","13":"shipping-taxable","14":"purchasable","15":"product-type-simple"},"_links":{"self":[{"href":"https:\/\/babyhouse-fr.com\/index.php?rest_route=\/wp\/v2\/product\/393","targetHints":{"allow":["GET"]}}],"collection":[{"href":"https:\/\/babyhouse-fr.com\/index.php?rest_route=\/wp\/v2\/product"}],"about":[{"href":"https:\/\/babyhouse-fr.com\/index.php?rest_route=\/wp\/v2\/types\/product"}],"replies":[{"embeddable":true,"href":"https:\/\/babyhouse-fr.com\/index.php?rest_route=%2Fwp%2Fv2%2Fcomments&post=393"}],"wp:featuredmedia":[{"embeddable":true,"href":"https:\/\/babyhouse-fr.com\/index.php?rest_route=\/wp\/v2\/media\/394"}],"wp:attachment":[{"href":"https:\/\/babyhouse-fr.com\/index.php?rest_route=%2Fwp%2Fv2%2Fmedia&parent=393"}],"wp:term":[{"taxonomy":"product_brand","embeddable":true,"href":"https:\/\/babyhouse-fr.com\/index.php?rest_route=%2Fwp%2Fv2%2Fproduct_brand&post=393"},{"taxonomy":"product_cat","embeddable":true,"href":"https:\/\/babyhouse-fr.com\/index.php?rest_route=%2Fwp%2Fv2%2Fproduct_cat&post=393"},{"taxonomy":"product_tag","embeddable":true,"href":"https:\/\/babyhouse-fr.com\/index.php?rest_route=%2Fwp%2Fv2%2Fproduct_tag&post=393"}],"curies":[{"name":"wp","href":"https:\/\/api.w.org\/{rel}","templated":true}]}}