{"id":404,"date":"2025-05-18T02:12:01","date_gmt":"2025-05-18T02:12:01","guid":{"rendered":"https:\/\/babyhouse-fr.com\/?post_type=product&#038;p=404"},"modified":"2025-05-19T10:11:32","modified_gmt":"2025-05-19T10:11:32","slug":"berceau-cododo-livy","status":"publish","type":"product","link":"https:\/\/babyhouse-fr.com\/?product=berceau-cododo-livy","title":{"rendered":"Berceau Cododo Livy"},"content":{"rendered":"<div id=\"ProductAccordion-collapsible_tab_hd8fqp-template--23770819592456__main\" class=\"accordion__content rte\">\n<p><strong>Lorsque vous partagez votre chambre avec votre nouveau-n\u00e9, vous voulez un cododo compact con\u00e7u pour maximiser l&#8217;espace.<\/strong><\/p>\n<p>Simple et \u00e9l\u00e9gant, le cododo l\u00e9ger Livy fait partie de la nouvelle gamme compacte de Babyride. Utilis\u00e9 de la naissance jusqu&#8217;\u00e0 6 mois, il comprend un matelas tr\u00e8s confortable et ses tissus sont 100 % recycl\u00e9s. Lorsqu&#8217;il n&#8217;est pas utilis\u00e9, Livy se plie \u00e0 plat pour un rangement tr\u00e8s facile.<\/p>\n<h3><strong>Caract\u00e9ristiques de confort<\/strong><\/h3>\n<p>Confort sans compromis. Ce n&#8217;est pas parce que Livy est un cododo compact qu&#8217;il doit \u00eatre moins confortable : en r\u00e9alit\u00e9, il est dot\u00e9 d&#8217;un matelas tr\u00e8s confortable et souple, pour assurer le maintien de votre tout-petit. Fabriqu\u00e9 avec des tissus doux et 100 % recycl\u00e9s, Livy est rev\u00eatu d&#8217;un tissu en maille respirante pour am\u00e9liorer la ventilation d\u2019air et assurer le confort de votre b\u00e9b\u00e9 en toutes circonstances lorsqu&#8217;il dort. Le cododo Livy propose un choix de 5 positions en hauteur. Vous pouvez fixer Livy \u00e0 votre lit et ouvrir la fermeture \u00e9clair d&#8217;un c\u00f4t\u00e9 pour y acc\u00e9der facilement pendant la nuit, afin de garantir votre confort et celui de b\u00e9b\u00e9.<\/p>\n<h3><strong>Facilit\u00e9 d\u2019utilisation<\/strong><\/h3>\n<p>Ultra-compact et l\u00e9ger, Livy est con\u00e7u pour \u00eatre facile \u00e0 utiliser, tout en pouvant se plier \u00e0 plat et se ranger sans effort lorsqu&#8217;il n&#8217;est pas utilis\u00e9. Son pliage compact et son sac de voyage pratique vous permettent de l&#8217;emporter facilement avec vous, m\u00eame lorsque vous voyagez loin de chez vous. Avec ses tissus amovibles et lavables en machine, il est \u00e9galement tr\u00e8s facile \u00e0 nettoyer. Peu encombrant et \u00e9l\u00e9gant, le cododo Livy propose tout le n\u00e9cessaire pour b\u00e9b\u00e9 et vous, sans prendre trop de place !<\/p>\n<h3><strong>Tranche d&#8217;\u00e2ge<\/strong><\/h3>\n<p>Le cododo Livy est un produit multifonctionnel indispensable pour les parents avec un nouveau-n\u00e9, car il s&#8217;agit d&#8217;un \u00e9l\u00e9gant cododo et lit de b\u00e9b\u00e9 2 en 1. Utilis\u00e9 de la naissance jusqu&#8217;\u00e0 6 mois (environ 9 kg), il offre un espace tr\u00e8s confortable permettant \u00e0 b\u00e9b\u00e9 de dormir juste \u00e0 c\u00f4t\u00e9 de maman ou de papa. Lorsque vous avez besoin d&#8217;apaiser, de r\u00e9conforter et d&#8217;alimenter b\u00e9b\u00e9 pendant la nuit, une fermeture \u00e9clair sur le c\u00f4t\u00e9 de Livy s&#8217;ouvre simplement pour un acc\u00e8s rapide et facile une fois fix\u00e9 \u00e0 votre lit. En tant que parent d&#8217;un nouveau-n\u00e9, vous dormirez profond\u00e9ment en sachant que votre b\u00e9b\u00e9 dort en toute s\u00e9curit\u00e9, confortablement et \u00e0 port\u00e9e de bras.<\/p>\n<h3><strong>Conception<\/strong><\/h3>\n<p>Avec son esth\u00e9tique simple et \u00e9l\u00e9gante, le cododo Livy convient \u00e0 toutes les pi\u00e8ces, tandis que son design compact permet de maximiser l&#8217;espace. Fabriqu\u00e9 en tissu doux et 100 % recycl\u00e9, il comprend un \u00e9l\u00e9gant cadre effet bois qui s&#8217;int\u00e8gre dans tous les int\u00e9rieurs modernes. Le rev\u00eatement tissu en maille permet aux grands fr\u00e8res et aux grandes s\u0153urs de jeter un coup d&#8217;\u0153il au nouveau membre de leur famille, sans le d\u00e9ranger. Avec son pliage compact et sa conception l\u00e9g\u00e8re, le cododo Livy peut \u00eatre d\u00e9mont\u00e9 et rang\u00e9, pr\u00eat pour le deuxi\u00e8me ou le troisi\u00e8me b\u00e9b\u00e9 !<\/p>\n<\/div>\n","protected":false},"excerpt":{"rendered":"<div class=\"product__description rte quick-add-hidden\" style=\"--margin-top: 1.5rem; --margin-bottom: 1.5rem;\">\n<p><strong>Compact, \u00e9l\u00e9gant et pratique, le cododo Babyride Livy est con\u00e7u pour maximiser l\u2019espace tout en offrant un confort optimal \u00e0 votre b\u00e9b\u00e9 d\u00e8s la naissance jusqu\u2019\u00e0 6 mois.<\/strong><br \/>\nAvec son matelas doux et ses tissus 100 % recycl\u00e9s, il assure des nuits paisibles \u00e0 votre tout-petit. Ultra-l\u00e9ger et pliable \u00e0 plat, Livy est id\u00e9al pour les parents modernes en qu\u00eate de praticit\u00e9 et de style, que ce soit \u00e0 la maison ou en d\u00e9placement.<\/p>\n<\/div>\n","protected":false},"featured_media":405,"comment_status":"open","ping_status":"closed","template":"","meta":{"site-sidebar-layout":"default","site-content-layout":"","ast-site-content-layout":"default","site-content-style":"default","site-sidebar-style":"default","ast-global-header-display":"","ast-banner-title-visibility":"","ast-main-header-display":"","ast-hfb-above-header-display":"","ast-hfb-below-header-display":"","ast-hfb-mobile-header-display":"","site-post-title":"","ast-breadcrumbs-content":"","ast-featured-img":"","footer-sml-layout":"","theme-transparent-header-meta":"default","adv-header-id-meta":"","stick-header-meta":"","header-above-stick-meta":"","header-main-stick-meta":"","header-below-stick-meta":"","astra-migrate-meta-layouts":"set","ast-page-background-enabled":"default","ast-page-background-meta":{"desktop":{"background-color":"var(--ast-global-color-5)","background-image":"","background-repeat":"repeat","background-position":"center center","background-size":"auto","background-attachment":"scroll","background-type":"","background-media":"","overlay-type":"","overlay-color":"","overlay-opacity":"","overlay-gradient":""},"tablet":{"background-color":"","background-image":"","background-repeat":"repeat","background-position":"center center","background-size":"auto","background-attachment":"scroll","background-type":"","background-media":"","overlay-type":"","overlay-color":"","overlay-opacity":"","overlay-gradient":""},"mobile":{"background-color":"","background-image":"","background-repeat":"repeat","background-position":"center center","background-size":"auto","background-attachment":"scroll","background-type":"","background-media":"","overlay-type":"","overlay-color":"","overlay-opacity":"","overlay-gradient":""}},"ast-content-background-meta":{"desktop":{"background-color":"var(--ast-global-color-4)","background-image":"","background-repeat":"repeat","background-position":"center center","background-size":"auto","background-attachment":"scroll","background-type":"","background-media":"","overlay-type":"","overlay-color":"","overlay-opacity":"","overlay-gradient":""},"tablet":{"background-color":"var(--ast-global-color-4)","background-image":"","background-repeat":"repeat","background-position":"center center","background-size":"auto","background-attachment":"scroll","background-type":"","background-media":"","overlay-type":"","overlay-color":"","overlay-opacity":"","overlay-gradient":""},"mobile":{"background-color":"var(--ast-global-color-4)","background-image":"","background-repeat":"repeat","background-position":"center center","background-size":"auto","background-attachment":"scroll","background-type":"","background-media":"","overlay-type":"","overlay-color":"","overlay-opacity":"","overlay-gradient":""}}},"product_brand":[],"product_cat":[33],"product_tag":[],"class_list":{"0":"post-404","1":"product","2":"type-product","3":"status-publish","4":"has-post-thumbnail","6":"product_cat-berceaux-lits-bebe1","7":"desktop-align-left","8":"tablet-align-left","9":"mobile-align-left","11":"first","12":"instock","13":"shipping-taxable","14":"purchasable","15":"product-type-simple"},"_links":{"self":[{"href":"https:\/\/babyhouse-fr.com\/index.php?rest_route=\/wp\/v2\/product\/404","targetHints":{"allow":["GET"]}}],"collection":[{"href":"https:\/\/babyhouse-fr.com\/index.php?rest_route=\/wp\/v2\/product"}],"about":[{"href":"https:\/\/babyhouse-fr.com\/index.php?rest_route=\/wp\/v2\/types\/product"}],"replies":[{"embeddable":true,"href":"https:\/\/babyhouse-fr.com\/index.php?rest_route=%2Fwp%2Fv2%2Fcomments&post=404"}],"wp:featuredmedia":[{"embeddable":true,"href":"https:\/\/babyhouse-fr.com\/index.php?rest_route=\/wp\/v2\/media\/405"}],"wp:attachment":[{"href":"https:\/\/babyhouse-fr.com\/index.php?rest_route=%2Fwp%2Fv2%2Fmedia&parent=404"}],"wp:term":[{"taxonomy":"product_brand","embeddable":true,"href":"https:\/\/babyhouse-fr.com\/index.php?rest_route=%2Fwp%2Fv2%2Fproduct_brand&post=404"},{"taxonomy":"product_cat","embeddable":true,"href":"https:\/\/babyhouse-fr.com\/index.php?rest_route=%2Fwp%2Fv2%2Fproduct_cat&post=404"},{"taxonomy":"product_tag","embeddable":true,"href":"https:\/\/babyhouse-fr.com\/index.php?rest_route=%2Fwp%2Fv2%2Fproduct_tag&post=404"}],"curies":[{"name":"wp","href":"https:\/\/api.w.org\/{rel}","templated":true}]}}