{"id":407,"date":"2025-05-18T02:14:12","date_gmt":"2025-05-18T02:14:12","guid":{"rendered":"https:\/\/babyhouse-fr.com\/?post_type=product&#038;p=407"},"modified":"2025-05-19T10:11:14","modified_gmt":"2025-05-19T10:11:14","slug":"berceau-cododo-nestia","status":"publish","type":"product","link":"https:\/\/babyhouse-fr.com\/?product=berceau-cododo-nestia","title":{"rendered":"Berceau Cododo Nestia"},"content":{"rendered":"<div id=\"ProductAccordion-collapsible_tab_hd8fqp-template--23770734067976__main\" class=\"accordion__content rte\">\n<p><strong>Garder votre nouveau-n\u00e9 chez vous est toujours un moment privil\u00e9gi\u00e9. Babyride Nestia est un cododo tr\u00e8s confortable et apaisant, con\u00e7u pour garder votre b\u00e9b\u00e9 pr\u00e8s de vous et renforcer votre lien privil\u00e9gi\u00e9.<\/strong><\/p>\n<p>Le matelas somptueusement \u00e9pais apportera tout le confort dont votre tout-petit a besoin. Et pour les siestes plus difficiles, la fonction balancelle pratique permettra d&#8217;apaiser votre b\u00e9b\u00e9 pour qu&#8217;il se rendorme. Fabriqu\u00e9 avec des tissus tr\u00e8s doux, haut de gamme et 100 % recycl\u00e9s, Nestia est rev\u00eatu d&#8217;une maille respirante. Et le grand panier de rangement inf\u00e9rieur met tout le n\u00e9cessaire \u00e0 port\u00e9e de main, pour s&#8217;occuper de b\u00e9b\u00e9 de jour comme de nuit.<\/p>\n<h3><strong>Caract\u00e9ristiques de confort<\/strong><\/h3>\n<p>Avec son rembourrage am\u00e9lior\u00e9 et son soutien optimal, le matelas tr\u00e8s \u00e9pais offre \u00e0 votre b\u00e9b\u00e9 un excellent niveau de confort pour un sommeil paisible et apaisant. Lorsque votre nouveau-n\u00e9 est un peu plus agit\u00e9 pendant sa sieste, vous pouvez utiliser la fonction balancelle pratique en retournant simplement les pieds incurv\u00e9s pour bercer votre b\u00e9b\u00e9 afin qu&#8217;il s&#8217;endorme. Le cododo Babyride Nestia dispose \u00e9galement de tissus pour maximiser la circulation de l\u2019air, afin que votre b\u00e9b\u00e9 dorme toujours confortablement. Gr\u00e2ce aux cinq positions en hauteur et \u00e0 la fonction coulissante simple de cododo, vous pouvez garder en permanence votre b\u00e9b\u00e9 pr\u00e8s de vous, en toute s\u00e9curit\u00e9. Vous pouvez m\u00eame positionner un c\u00f4t\u00e9 plus haut que l&#8217;autre, pour soulager votre b\u00e9b\u00e9 en cas de reflux ou de congestion.<\/p>\n<h3><strong>Facilit\u00e9 d&#8217;utilisation<\/strong><\/h3>\n<p>La vie avec un nouveau-n\u00e9 n&#8217;est certainement pas facile ! Pour aider les nouveaux parents et les b\u00e9b\u00e9s \u00e0 s&#8217;habituer \u00e0 leurs nouvelles routines, Babyride Nestia regorge de fonctionnalit\u00e9s qui facilitent la vie. Lorsque vous nourrissez, changez ou toilettez votre b\u00e9b\u00e9, le tr\u00e8s grand panier de rangement est pratique pour ranger tout le n\u00e9cessaire afin de le conserver \u00e0 port\u00e9e de main. Le coulissement simple garantit que le cododo s&#8217;adapte toujours parfaitement \u00e0 votre lit, tandis que les roues invisibles int\u00e9gr\u00e9es permettent de d\u00e9placer Nestia d&#8217;une pi\u00e8ce \u00e0 l&#8217;autre sans effort. L\u00e9ger, facile \u00e0 plier et livr\u00e9 avec un sac de voyage, le cododo Nestia est id\u00e9al pour les petits voyages.<\/p>\n<h3><strong>Tranche d&#8217;\u00e2ge<\/strong><\/h3>\n<p>Babyride Nestia est sp\u00e9cialement con\u00e7u pour ces 6 premiers mois pr\u00e9cieux avec votre nouveau-n\u00e9. Le cododo permet d&#8217;avoir votre b\u00e9b\u00e9 \u00e0 vos c\u00f4t\u00e9s, tout en renfor\u00e7ant votre lien \u00e9motionnel. Des \u00e9tudes prouvent que la proximit\u00e9 favorise le d\u00e9veloppement des b\u00e9b\u00e9s : ils respirent plus r\u00e9guli\u00e8rement, grandissent plus vite et subissent moins de stress. Lorsque votre b\u00e9b\u00e9 est assez grand pour disposer de son propre espace, le matelas tr\u00e8s confortable et le cadre robuste en font un lit de b\u00e9b\u00e9 autonome id\u00e9al. Ainsi, votre b\u00e9b\u00e9 peut continuer \u00e0 dormir dans son propre lit.<\/p>\n<h3><strong>Conception<\/strong><\/h3>\n<p>Avec ses lignes courbes \u00e9pur\u00e9es et son effet bois \u00e9l\u00e9gant, le cododo Babyride Nestia s&#8217;int\u00e8gre dans tous les int\u00e9rieurs modernes. Et son tissu maill\u00e9 cr\u00e9e une esth\u00e9tique ouverte, \u00e9l\u00e9gante et minimaliste. Nestia est \u00e9galement compos\u00e9 de tissu 100 % recycl\u00e9 Eco Care respectueux de l&#8217;environnement. Tr\u00e8s doux et haut de gamme, Eco Care est issu de bouteilles en plastique recycl\u00e9es. Le plastique est d\u00e9compos\u00e9 en granul\u00e9s, transform\u00e9s en fils, eux-m\u00eames tiss\u00e9s pour obtenir un tissu qui pr\u00e9sente les qualit\u00e9s de douceur et de respirabilit\u00e9 que vous attendez de Babyride.<\/p>\n<\/div>\n","protected":false},"excerpt":{"rendered":"<div class=\"product__description rte quick-add-hidden\" style=\"--margin-top: 1.5rem; --margin-bottom: 1.5rem;\">\n<p><strong>Confortable, pratique et \u00e9l\u00e9gant, le berceau cododo Nestia garde votre b\u00e9b\u00e9 pr\u00e8s de vous d\u00e8s sa naissance jusqu\u2019\u00e0 6 mois.<\/strong><br \/>\nAvec son matelas ultra-moelleux, ses tissus 100 % recycl\u00e9s et sa fonction balancelle int\u00e9gr\u00e9e, il offre un cocon apaisant pour des nuits paisibles. Ajustable en hauteur et \u00e9quip\u00e9 d\u2019un grand panier de rangement, Nestia combine design moderne et fonctionnalit\u00e9s pratiques pour simplifier la vie des parents tout en offrant un confort optimal \u00e0 votre b\u00e9b\u00e9.<\/p>\n<\/div>\n","protected":false},"featured_media":408,"comment_status":"open","ping_status":"closed","template":"","meta":{"site-sidebar-layout":"default","site-content-layout":"","ast-site-content-layout":"default","site-content-style":"default","site-sidebar-style":"default","ast-global-header-display":"","ast-banner-title-visibility":"","ast-main-header-display":"","ast-hfb-above-header-display":"","ast-hfb-below-header-display":"","ast-hfb-mobile-header-display":"","site-post-title":"","ast-breadcrumbs-content":"","ast-featured-img":"","footer-sml-layout":"","theme-transparent-header-meta":"default","adv-header-id-meta":"","stick-header-meta":"","header-above-stick-meta":"","header-main-stick-meta":"","header-below-stick-meta":"","astra-migrate-meta-layouts":"set","ast-page-background-enabled":"default","ast-page-background-meta":{"desktop":{"background-color":"var(--ast-global-color-5)","background-image":"","background-repeat":"repeat","background-position":"center center","background-size":"auto","background-attachment":"scroll","background-type":"","background-media":"","overlay-type":"","overlay-color":"","overlay-opacity":"","overlay-gradient":""},"tablet":{"background-color":"","background-image":"","background-repeat":"repeat","background-position":"center center","background-size":"auto","background-attachment":"scroll","background-type":"","background-media":"","overlay-type":"","overlay-color":"","overlay-opacity":"","overlay-gradient":""},"mobile":{"background-color":"","background-image":"","background-repeat":"repeat","background-position":"center center","background-size":"auto","background-attachment":"scroll","background-type":"","background-media":"","overlay-type":"","overlay-color":"","overlay-opacity":"","overlay-gradient":""}},"ast-content-background-meta":{"desktop":{"background-color":"var(--ast-global-color-4)","background-image":"","background-repeat":"repeat","background-position":"center center","background-size":"auto","background-attachment":"scroll","background-type":"","background-media":"","overlay-type":"","overlay-color":"","overlay-opacity":"","overlay-gradient":""},"tablet":{"background-color":"var(--ast-global-color-4)","background-image":"","background-repeat":"repeat","background-position":"center center","background-size":"auto","background-attachment":"scroll","background-type":"","background-media":"","overlay-type":"","overlay-color":"","overlay-opacity":"","overlay-gradient":""},"mobile":{"background-color":"var(--ast-global-color-4)","background-image":"","background-repeat":"repeat","background-position":"center center","background-size":"auto","background-attachment":"scroll","background-type":"","background-media":"","overlay-type":"","overlay-color":"","overlay-opacity":"","overlay-gradient":""}}},"product_brand":[],"product_cat":[33],"product_tag":[],"class_list":{"0":"post-407","1":"product","2":"type-product","3":"status-publish","4":"has-post-thumbnail","6":"product_cat-berceaux-lits-bebe1","7":"desktop-align-left","8":"tablet-align-left","9":"mobile-align-left","11":"first","12":"instock","13":"shipping-taxable","14":"purchasable","15":"product-type-simple"},"_links":{"self":[{"href":"https:\/\/babyhouse-fr.com\/index.php?rest_route=\/wp\/v2\/product\/407","targetHints":{"allow":["GET"]}}],"collection":[{"href":"https:\/\/babyhouse-fr.com\/index.php?rest_route=\/wp\/v2\/product"}],"about":[{"href":"https:\/\/babyhouse-fr.com\/index.php?rest_route=\/wp\/v2\/types\/product"}],"replies":[{"embeddable":true,"href":"https:\/\/babyhouse-fr.com\/index.php?rest_route=%2Fwp%2Fv2%2Fcomments&post=407"}],"wp:featuredmedia":[{"embeddable":true,"href":"https:\/\/babyhouse-fr.com\/index.php?rest_route=\/wp\/v2\/media\/408"}],"wp:attachment":[{"href":"https:\/\/babyhouse-fr.com\/index.php?rest_route=%2Fwp%2Fv2%2Fmedia&parent=407"}],"wp:term":[{"taxonomy":"product_brand","embeddable":true,"href":"https:\/\/babyhouse-fr.com\/index.php?rest_route=%2Fwp%2Fv2%2Fproduct_brand&post=407"},{"taxonomy":"product_cat","embeddable":true,"href":"https:\/\/babyhouse-fr.com\/index.php?rest_route=%2Fwp%2Fv2%2Fproduct_cat&post=407"},{"taxonomy":"product_tag","embeddable":true,"href":"https:\/\/babyhouse-fr.com\/index.php?rest_route=%2Fwp%2Fv2%2Fproduct_tag&post=407"}],"curies":[{"name":"wp","href":"https:\/\/api.w.org\/{rel}","templated":true}]}}